{"id":867,"date":"2012-11-04T23:34:49","date_gmt":"2012-11-04T23:34:49","guid":{"rendered":"http:\/\/www.palkehitised.ee\/?page_id=867"},"modified":"2012-11-04T23:34:49","modified_gmt":"2012-11-04T23:34:49","slug":"sadevaljan-kartano","status":"publish","type":"page","link":"https:\/\/www.palkehitised.ee\/fi\/referenssit\/sadevaljan-kartano\/","title":{"rendered":"Sadev\u00e4ljan kartano"},"content":{"rendered":"<p>Vanha kartano sai uuden el\u00e4m\u00e4n.<\/p>\n\n<div class=\"ngg-galleryoverview\" id=\"ngg-gallery-be18b501e65e35f3e11fc94e5ba04776-867\">\n\n\t\t\t<!-- Slideshow link -->\n\t<div class=\"slideshowlink\">\n\t\t<a class=\"slideshowlink\" href=\"https:\/\/www.palkehitised.ee\/fi\/referenssit\/sadevaljan-kartano\/nggallery\/slideshow\">\n\t\t\t[Show as slideshow]\t\t<\/a>\n\t<\/div>\n\n\t<!-- Thumbnails -->\n\t\t\t\t\t\n\t<div id=\"ngg-image-737\" class=\"ngg-gallery-thumbnail-box\"  >\n\t\t<div class=\"ngg-gallery-thumbnail\" >\n\t\t\t<a href=\"https:\/\/www.palkehitised.ee\/wp-content\/gallery\/sadevalja-haarber\/imgp0596.jpg\"\n\t\t\t\ttitle=\" \"\n\t\t\t\t data-image-id=\"737\" data-src=\"https:\/\/www.palkehitised.ee\/wp-content\/gallery\/sadevalja-haarber\/imgp0596.jpg\" data-thumbnail=\"https:\/\/www.palkehitised.ee\/wp-content\/gallery\/sadevalja-haarber\/cache\/imgp0596.jpg-nggid03737-ngg0dyn-100x75x100-00f0w010c011r110f110r010t010.jpg\" data-title=\"imgp0596\" data-description=\" \" >\n\t\t\t\t\t\t\t\t<img title=\"imgp0596\" alt=\"imgp0596\" src=\"https:\/\/www.palkehitised.ee\/wp-content\/gallery\/sadevalja-haarber\/cache\/imgp0596.jpg-nggid03737-ngg0dyn-100x75x100-00f0w010c011r110f110r010t010.jpg\" width='100' height='75' \/>\n\t\t\t\t\t\t\t<\/a>\n\t\t<\/div>\n\t<\/div>\n\n\t\t\t\t\t\t\t\t\t\n\t\t\n\t<div id=\"ngg-image-738\" class=\"ngg-gallery-thumbnail-box\"  >\n\t\t<div class=\"ngg-gallery-thumbnail\" >\n\t\t\t<a href=\"https:\/\/www.palkehitised.ee\/wp-content\/gallery\/sadevalja-haarber\/imgp0603.jpg\"\n\t\t\t\ttitle=\" \"\n\t\t\t\t data-image-id=\"738\" data-src=\"https:\/\/www.palkehitised.ee\/wp-content\/gallery\/sadevalja-haarber\/imgp0603.jpg\" data-thumbnail=\"https:\/\/www.palkehitised.ee\/wp-content\/gallery\/sadevalja-haarber\/cache\/imgp0603.jpg-nggid03738-ngg0dyn-100x75x100-00f0w010c011r110f110r010t010.jpg\" data-title=\"imgp0603\" data-description=\" \" >\n\t\t\t\t\t\t\t\t<img title=\"imgp0603\" alt=\"imgp0603\" src=\"https:\/\/www.palkehitised.ee\/wp-content\/gallery\/sadevalja-haarber\/cache\/imgp0603.jpg-nggid03738-ngg0dyn-100x75x100-00f0w010c011r110f110r010t010.jpg\" width='100' height='75' \/>\n\t\t\t\t\t\t\t<\/a>\n\t\t<\/div>\n\t<\/div>\n\n\t\t\t\t\t\t\t\t\t\n\t\t\n\t<div id=\"ngg-image-739\" class=\"ngg-gallery-thumbnail-box\"  >\n\t\t<div class=\"ngg-gallery-thumbnail\" >\n\t\t\t<a href=\"https:\/\/www.palkehitised.ee\/wp-content\/gallery\/sadevalja-haarber\/p6100056.jpg\"\n\t\t\t\ttitle=\" \"\n\t\t\t\t data-image-id=\"739\" data-src=\"https:\/\/www.palkehitised.ee\/wp-content\/gallery\/sadevalja-haarber\/p6100056.jpg\" data-thumbnail=\"https:\/\/www.palkehitised.ee\/wp-content\/gallery\/sadevalja-haarber\/cache\/p6100056.jpg-nggid03739-ngg0dyn-100x75x100-00f0w010c011r110f110r010t010.jpg\" data-title=\"p6100056\" data-description=\" \" >\n\t\t\t\t\t\t\t\t<img title=\"p6100056\" alt=\"p6100056\" src=\"https:\/\/www.palkehitised.ee\/wp-content\/gallery\/sadevalja-haarber\/cache\/p6100056.jpg-nggid03739-ngg0dyn-100x75x100-00f0w010c011r110f110r010t010.jpg\" width='100' height='75' \/>\n\t\t\t\t\t\t\t<\/a>\n\t\t<\/div>\n\t<\/div>\n\n\t\t\t\t\t\t\t\t\t\n\t\t\n\t<div id=\"ngg-image-740\" class=\"ngg-gallery-thumbnail-box\"  >\n\t\t<div class=\"ngg-gallery-thumbnail\" >\n\t\t\t<a href=\"https:\/\/www.palkehitised.ee\/wp-content\/gallery\/sadevalja-haarber\/p6100057.jpg\"\n\t\t\t\ttitle=\" \"\n\t\t\t\t data-image-id=\"740\" data-src=\"https:\/\/www.palkehitised.ee\/wp-content\/gallery\/sadevalja-haarber\/p6100057.jpg\" data-thumbnail=\"https:\/\/www.palkehitised.ee\/wp-content\/gallery\/sadevalja-haarber\/cache\/p6100057.jpg-nggid03740-ngg0dyn-100x75x100-00f0w010c011r110f110r010t010.jpg\" data-title=\"p6100057\" data-description=\" \" >\n\t\t\t\t\t\t\t\t<img title=\"p6100057\" alt=\"p6100057\" src=\"https:\/\/www.palkehitised.ee\/wp-content\/gallery\/sadevalja-haarber\/cache\/p6100057.jpg-nggid03740-ngg0dyn-100x75x100-00f0w010c011r110f110r010t010.jpg\" width='100' height='75' \/>\n\t\t\t\t\t\t\t<\/a>\n\t\t<\/div>\n\t<\/div>\n\n\t\t\t\t\t\t\t\t\t\n\t\t\n\t<div id=\"ngg-image-741\" class=\"ngg-gallery-thumbnail-box\"  >\n\t\t<div class=\"ngg-gallery-thumbnail\" >\n\t\t\t<a href=\"https:\/\/www.palkehitised.ee\/wp-content\/gallery\/sadevalja-haarber\/p6100058.jpg\"\n\t\t\t\ttitle=\" \"\n\t\t\t\t data-image-id=\"741\" data-src=\"https:\/\/www.palkehitised.ee\/wp-content\/gallery\/sadevalja-haarber\/p6100058.jpg\" data-thumbnail=\"https:\/\/www.palkehitised.ee\/wp-content\/gallery\/sadevalja-haarber\/cache\/p6100058.jpg-nggid03741-ngg0dyn-100x75x100-00f0w010c011r110f110r010t010.jpg\" data-title=\"p6100058\" data-description=\" \" >\n\t\t\t\t\t\t\t\t<img title=\"p6100058\" alt=\"p6100058\" src=\"https:\/\/www.palkehitised.ee\/wp-content\/gallery\/sadevalja-haarber\/cache\/p6100058.jpg-nggid03741-ngg0dyn-100x75x100-00f0w010c011r110f110r010t010.jpg\" width='100' height='75' \/>\n\t\t\t\t\t\t\t<\/a>\n\t\t<\/div>\n\t<\/div>\n\n\t\t\t\t\t\t\t\t\t\n\t\t\n\t<div id=\"ngg-image-742\" class=\"ngg-gallery-thumbnail-box\"  >\n\t\t<div class=\"ngg-gallery-thumbnail\" >\n\t\t\t<a href=\"https:\/\/www.palkehitised.ee\/wp-content\/gallery\/sadevalja-haarber\/p6100060.jpg\"\n\t\t\t\ttitle=\" \"\n\t\t\t\t data-image-id=\"742\" data-src=\"https:\/\/www.palkehitised.ee\/wp-content\/gallery\/sadevalja-haarber\/p6100060.jpg\" data-thumbnail=\"https:\/\/www.palkehitised.ee\/wp-content\/gallery\/sadevalja-haarber\/cache\/p6100060.jpg-nggid03742-ngg0dyn-100x75x100-00f0w010c011r110f110r010t010.jpg\" data-title=\"p6100060\" data-description=\" \" >\n\t\t\t\t\t\t\t\t<img title=\"p6100060\" alt=\"p6100060\" src=\"https:\/\/www.palkehitised.ee\/wp-content\/gallery\/sadevalja-haarber\/cache\/p6100060.jpg-nggid03742-ngg0dyn-100x75x100-00f0w010c011r110f110r010t010.jpg\" width='100' height='75' \/>\n\t\t\t\t\t\t\t<\/a>\n\t\t<\/div>\n\t<\/div>\n\n\t\t\t\t\t\t\t\t\t\n\t\t\n\t<div id=\"ngg-image-743\" class=\"ngg-gallery-thumbnail-box\"  >\n\t\t<div class=\"ngg-gallery-thumbnail\" >\n\t\t\t<a href=\"https:\/\/www.palkehitised.ee\/wp-content\/gallery\/sadevalja-haarber\/p6100061.jpg\"\n\t\t\t\ttitle=\" \"\n\t\t\t\t data-image-id=\"743\" data-src=\"https:\/\/www.palkehitised.ee\/wp-content\/gallery\/sadevalja-haarber\/p6100061.jpg\" data-thumbnail=\"https:\/\/www.palkehitised.ee\/wp-content\/gallery\/sadevalja-haarber\/cache\/p6100061.jpg-nggid03743-ngg0dyn-100x75x100-00f0w010c011r110f110r010t010.jpg\" data-title=\"p6100061\" data-description=\" \" >\n\t\t\t\t\t\t\t\t<img title=\"p6100061\" alt=\"p6100061\" src=\"https:\/\/www.palkehitised.ee\/wp-content\/gallery\/sadevalja-haarber\/cache\/p6100061.jpg-nggid03743-ngg0dyn-100x75x100-00f0w010c011r110f110r010t010.jpg\" width='100' height='75' \/>\n\t\t\t\t\t\t\t<\/a>\n\t\t<\/div>\n\t<\/div>\n\n\t\t\t\t\t\t\t\t\t\n\t\t\n\t<div id=\"ngg-image-810\" class=\"ngg-gallery-thumbnail-box\"  >\n\t\t<div class=\"ngg-gallery-thumbnail\" >\n\t\t\t<a href=\"https:\/\/www.palkehitised.ee\/wp-content\/gallery\/sadevalja-haarber\/uhendus-kiviseinaga.jpg\"\n\t\t\t\ttitle=\" \"\n\t\t\t\t data-image-id=\"810\" data-src=\"https:\/\/www.palkehitised.ee\/wp-content\/gallery\/sadevalja-haarber\/uhendus-kiviseinaga.jpg\" data-thumbnail=\"https:\/\/www.palkehitised.ee\/wp-content\/gallery\/sadevalja-haarber\/cache\/uhendus-kiviseinaga.jpg-nggid03810-ngg0dyn-100x75x100-00f0w010c011r110f110r010t010.jpg\" data-title=\"uhendus-kiviseinaga\" data-description=\" \" >\n\t\t\t\t\t\t\t\t<img title=\"uhendus-kiviseinaga\" alt=\"uhendus-kiviseinaga\" src=\"https:\/\/www.palkehitised.ee\/wp-content\/gallery\/sadevalja-haarber\/cache\/uhendus-kiviseinaga.jpg-nggid03810-ngg0dyn-100x75x100-00f0w010c011r110f110r010t010.jpg\" width='100' height='75' \/>\n\t\t\t\t\t\t\t<\/a>\n\t\t<\/div>\n\t<\/div>\n\n\t\t\t\t\t\t\t\t\t\n\t\t\n\t<div id=\"ngg-image-811\" class=\"ngg-gallery-thumbnail-box\"  >\n\t\t<div class=\"ngg-gallery-thumbnail\" >\n\t\t\t<a href=\"https:\/\/www.palkehitised.ee\/wp-content\/gallery\/sadevalja-haarber\/uhendus-valjast.jpg\"\n\t\t\t\ttitle=\" \"\n\t\t\t\t data-image-id=\"811\" data-src=\"https:\/\/www.palkehitised.ee\/wp-content\/gallery\/sadevalja-haarber\/uhendus-valjast.jpg\" data-thumbnail=\"https:\/\/www.palkehitised.ee\/wp-content\/gallery\/sadevalja-haarber\/cache\/uhendus-valjast.jpg-nggid03811-ngg0dyn-100x75x100-00f0w010c011r110f110r010t010.jpg\" data-title=\"uhendus-valjast\" data-description=\" \" >\n\t\t\t\t\t\t\t\t<img title=\"uhendus-valjast\" alt=\"uhendus-valjast\" src=\"https:\/\/www.palkehitised.ee\/wp-content\/gallery\/sadevalja-haarber\/cache\/uhendus-valjast.jpg-nggid03811-ngg0dyn-100x75x100-00f0w010c011r110f110r010t010.jpg\" width='100' height='75' \/>\n\t\t\t\t\t\t\t<\/a>\n\t\t<\/div>\n\t<\/div>\n\n\t\t\t\t\t\t\t\t\t\n\t\t\n\t<!-- Pagination -->\n\t\t<div class='ngg-clear'><\/div>\t\n<\/div>\n\n\t\n","protected":false},"excerpt":{"rendered":"<p>Vanha kartano sai uuden el\u00e4m\u00e4n.<\/p>\n","protected":false},"author":1,"featured_media":400,"parent":758,"menu_order":0,"comment_status":"open","ping_status":"open","template":"","meta":{"ngg_post_thumbnail":0,"footnotes":""},"_links":{"self":[{"href":"https:\/\/www.palkehitised.ee\/fi\/wp-json\/wp\/v2\/pages\/867"}],"collection":[{"href":"https:\/\/www.palkehitised.ee\/fi\/wp-json\/wp\/v2\/pages"}],"about":[{"href":"https:\/\/www.palkehitised.ee\/fi\/wp-json\/wp\/v2\/types\/page"}],"author":[{"embeddable":true,"href":"https:\/\/www.palkehitised.ee\/fi\/wp-json\/wp\/v2\/users\/1"}],"replies":[{"embeddable":true,"href":"https:\/\/www.palkehitised.ee\/fi\/wp-json\/wp\/v2\/comments?post=867"}],"version-history":[{"count":1,"href":"https:\/\/www.palkehitised.ee\/fi\/wp-json\/wp\/v2\/pages\/867\/revisions"}],"predecessor-version":[{"id":871,"href":"https:\/\/www.palkehitised.ee\/fi\/wp-json\/wp\/v2\/pages\/867\/revisions\/871"}],"up":[{"embeddable":true,"href":"https:\/\/www.palkehitised.ee\/fi\/wp-json\/wp\/v2\/pages\/758"}],"wp:featuredmedia":[{"embeddable":true,"href":"https:\/\/www.palkehitised.ee\/fi\/wp-json\/wp\/v2\/media\/400"}],"wp:attachment":[{"href":"https:\/\/www.palkehitised.ee\/fi\/wp-json\/wp\/v2\/media?parent=867"}],"curies":[{"name":"wp","href":"https:\/\/api.w.org\/{rel}","templated":true}]}}