{"id":816,"date":"2012-11-04T23:20:18","date_gmt":"2012-11-04T23:20:18","guid":{"rendered":"http:\/\/www.palkehitised.ee\/?page_id=816"},"modified":"2012-11-04T23:20:18","modified_gmt":"2012-11-04T23:20:18","slug":"norja","status":"publish","type":"page","link":"https:\/\/www.palkehitised.ee\/fi\/referenssit\/norja\/","title":{"rendered":"Norja"},"content":{"rendered":"<p>Norjaan olemme rakentaneet etup\u00e4\u00e4ss\u00e4 Filefjellin ymp\u00e4rist\u00f6\u00f6n Tyinin j\u00e4rven rannalle.<br \/>\nTietoa Filefjellist\u00e4: <a href=\"http:\/\/www.visitnorway.com\/en\/Product\/?pid=92965\">http:\/\/www.visitnorway.com\/en\/Product\/?pid=92965<\/a><\/p>\n<p>Tietoa Tyinist\u00e4: <a href=\"http:\/\/www.tyin.no\/portal\/\">http:\/\/www.tyin.no\/portal\/<\/a><\/p>\n\n<div class=\"ngg-galleryoverview\" id=\"ngg-gallery-f1bde542d12438924f77dc5b0b986919-816\">\n\n\t\t\t<!-- Slideshow link -->\n\t<div class=\"slideshowlink\">\n\t\t<a class=\"slideshowlink\" href=\"https:\/\/www.palkehitised.ee\/fi\/referenssit\/norja\/nggallery\/slideshow\">\n\t\t\t[Show as slideshow]\t\t<\/a>\n\t<\/div>\n\n\t<!-- Thumbnails -->\n\t\t\t\t\t\n\t<div id=\"ngg-image-656\" class=\"ngg-gallery-thumbnail-box\"  >\n\t\t<div class=\"ngg-gallery-thumbnail\" >\n\t\t\t<a href=\"https:\/\/www.palkehitised.ee\/wp-content\/gallery\/norra\/hus-rek-1.jpg\"\n\t\t\t\ttitle=\" \"\n\t\t\t\t data-image-id=\"656\" data-src=\"https:\/\/www.palkehitised.ee\/wp-content\/gallery\/norra\/hus-rek-1.jpg\" data-thumbnail=\"https:\/\/www.palkehitised.ee\/wp-content\/gallery\/norra\/cache\/hus-rek-1.jpg-nggid03656-ngg0dyn-100x75x100-00f0w010c011r110f110r010t010.jpg\" data-title=\"hus-rek-1\" data-description=\" \" >\n\t\t\t\t\t\t\t\t<img title=\"hus-rek-1\" alt=\"hus-rek-1\" src=\"https:\/\/www.palkehitised.ee\/wp-content\/gallery\/norra\/cache\/hus-rek-1.jpg-nggid03656-ngg0dyn-100x75x100-00f0w010c011r110f110r010t010.jpg\" width='100' height='75' \/>\n\t\t\t\t\t\t\t<\/a>\n\t\t<\/div>\n\t<\/div>\n\n\t\t\t\t\t\t\t\t\t\n\t\t\n\t<div id=\"ngg-image-657\" class=\"ngg-gallery-thumbnail-box\"  >\n\t\t<div class=\"ngg-gallery-thumbnail\" >\n\t\t\t<a href=\"https:\/\/www.palkehitised.ee\/wp-content\/gallery\/norra\/imgp0894_large.jpg\"\n\t\t\t\ttitle=\" \"\n\t\t\t\t data-image-id=\"657\" data-src=\"https:\/\/www.palkehitised.ee\/wp-content\/gallery\/norra\/imgp0894_large.jpg\" data-thumbnail=\"https:\/\/www.palkehitised.ee\/wp-content\/gallery\/norra\/cache\/imgp0894_large.jpg-nggid03657-ngg0dyn-100x75x100-00f0w010c011r110f110r010t010.jpg\" data-title=\"imgp0894_large\" data-description=\" \" >\n\t\t\t\t\t\t\t\t<img title=\"imgp0894_large\" alt=\"imgp0894_large\" src=\"https:\/\/www.palkehitised.ee\/wp-content\/gallery\/norra\/cache\/imgp0894_large.jpg-nggid03657-ngg0dyn-100x75x100-00f0w010c011r110f110r010t010.jpg\" width='100' height='75' \/>\n\t\t\t\t\t\t\t<\/a>\n\t\t<\/div>\n\t<\/div>\n\n\t\t\t\t\t\t\t\t\t\n\t\t\n\t<div id=\"ngg-image-658\" class=\"ngg-gallery-thumbnail-box\"  >\n\t\t<div class=\"ngg-gallery-thumbnail\" >\n\t\t\t<a href=\"https:\/\/www.palkehitised.ee\/wp-content\/gallery\/norra\/imgp0910.jpg\"\n\t\t\t\ttitle=\" \"\n\t\t\t\t data-image-id=\"658\" data-src=\"https:\/\/www.palkehitised.ee\/wp-content\/gallery\/norra\/imgp0910.jpg\" data-thumbnail=\"https:\/\/www.palkehitised.ee\/wp-content\/gallery\/norra\/cache\/imgp0910.jpg-nggid03658-ngg0dyn-100x75x100-00f0w010c011r110f110r010t010.jpg\" data-title=\"imgp0910\" data-description=\" \" >\n\t\t\t\t\t\t\t\t<img title=\"imgp0910\" alt=\"imgp0910\" src=\"https:\/\/www.palkehitised.ee\/wp-content\/gallery\/norra\/cache\/imgp0910.jpg-nggid03658-ngg0dyn-100x75x100-00f0w010c011r110f110r010t010.jpg\" width='100' height='75' \/>\n\t\t\t\t\t\t\t<\/a>\n\t\t<\/div>\n\t<\/div>\n\n\t\t\t\t\t\t\t\t\t\n\t\t\n\t<div id=\"ngg-image-659\" class=\"ngg-gallery-thumbnail-box\"  >\n\t\t<div class=\"ngg-gallery-thumbnail\" >\n\t\t\t<a href=\"https:\/\/www.palkehitised.ee\/wp-content\/gallery\/norra\/imgp0914.jpg\"\n\t\t\t\ttitle=\" \"\n\t\t\t\t data-image-id=\"659\" data-src=\"https:\/\/www.palkehitised.ee\/wp-content\/gallery\/norra\/imgp0914.jpg\" data-thumbnail=\"https:\/\/www.palkehitised.ee\/wp-content\/gallery\/norra\/cache\/imgp0914.jpg-nggid03659-ngg0dyn-100x75x100-00f0w010c011r110f110r010t010.jpg\" data-title=\"imgp0914\" data-description=\" \" >\n\t\t\t\t\t\t\t\t<img title=\"imgp0914\" alt=\"imgp0914\" src=\"https:\/\/www.palkehitised.ee\/wp-content\/gallery\/norra\/cache\/imgp0914.jpg-nggid03659-ngg0dyn-100x75x100-00f0w010c011r110f110r010t010.jpg\" width='100' height='75' \/>\n\t\t\t\t\t\t\t<\/a>\n\t\t<\/div>\n\t<\/div>\n\n\t\t\t\t\t\t\t\t\t\n\t\t\n\t<div id=\"ngg-image-660\" class=\"ngg-gallery-thumbnail-box\"  >\n\t\t<div class=\"ngg-gallery-thumbnail\" >\n\t\t\t<a href=\"https:\/\/www.palkehitised.ee\/wp-content\/gallery\/norra\/imgp3129.jpg\"\n\t\t\t\ttitle=\" \"\n\t\t\t\t data-image-id=\"660\" data-src=\"https:\/\/www.palkehitised.ee\/wp-content\/gallery\/norra\/imgp3129.jpg\" data-thumbnail=\"https:\/\/www.palkehitised.ee\/wp-content\/gallery\/norra\/cache\/imgp3129.jpg-nggid03660-ngg0dyn-100x75x100-00f0w010c011r110f110r010t010.jpg\" data-title=\"imgp3129\" data-description=\" \" >\n\t\t\t\t\t\t\t\t<img title=\"imgp3129\" alt=\"imgp3129\" src=\"https:\/\/www.palkehitised.ee\/wp-content\/gallery\/norra\/cache\/imgp3129.jpg-nggid03660-ngg0dyn-100x75x100-00f0w010c011r110f110r010t010.jpg\" width='100' height='75' \/>\n\t\t\t\t\t\t\t<\/a>\n\t\t<\/div>\n\t<\/div>\n\n\t\t\t\t\t\t\t\t\t\n\t\t\n\t<div id=\"ngg-image-661\" class=\"ngg-gallery-thumbnail-box\"  >\n\t\t<div class=\"ngg-gallery-thumbnail\" >\n\t\t\t<a href=\"https:\/\/www.palkehitised.ee\/wp-content\/gallery\/norra\/imgp3132.jpg\"\n\t\t\t\ttitle=\" \"\n\t\t\t\t data-image-id=\"661\" data-src=\"https:\/\/www.palkehitised.ee\/wp-content\/gallery\/norra\/imgp3132.jpg\" data-thumbnail=\"https:\/\/www.palkehitised.ee\/wp-content\/gallery\/norra\/cache\/imgp3132.jpg-nggid03661-ngg0dyn-100x75x100-00f0w010c011r110f110r010t010.jpg\" data-title=\"imgp3132\" data-description=\" \" >\n\t\t\t\t\t\t\t\t<img title=\"imgp3132\" alt=\"imgp3132\" src=\"https:\/\/www.palkehitised.ee\/wp-content\/gallery\/norra\/cache\/imgp3132.jpg-nggid03661-ngg0dyn-100x75x100-00f0w010c011r110f110r010t010.jpg\" width='100' height='75' \/>\n\t\t\t\t\t\t\t<\/a>\n\t\t<\/div>\n\t<\/div>\n\n\t\t\t\t\t\t\t\t\t\n\t\t\n\t<div id=\"ngg-image-662\" class=\"ngg-gallery-thumbnail-box\"  >\n\t\t<div class=\"ngg-gallery-thumbnail\" >\n\t\t\t<a href=\"https:\/\/www.palkehitised.ee\/wp-content\/gallery\/norra\/imgp3143.jpg\"\n\t\t\t\ttitle=\" \"\n\t\t\t\t data-image-id=\"662\" data-src=\"https:\/\/www.palkehitised.ee\/wp-content\/gallery\/norra\/imgp3143.jpg\" data-thumbnail=\"https:\/\/www.palkehitised.ee\/wp-content\/gallery\/norra\/cache\/imgp3143.jpg-nggid03662-ngg0dyn-100x75x100-00f0w010c011r110f110r010t010.jpg\" data-title=\"imgp3143\" data-description=\" \" >\n\t\t\t\t\t\t\t\t<img title=\"imgp3143\" alt=\"imgp3143\" src=\"https:\/\/www.palkehitised.ee\/wp-content\/gallery\/norra\/cache\/imgp3143.jpg-nggid03662-ngg0dyn-100x75x100-00f0w010c011r110f110r010t010.jpg\" width='100' height='75' \/>\n\t\t\t\t\t\t\t<\/a>\n\t\t<\/div>\n\t<\/div>\n\n\t\t\t\t\t\t\t\t\t\n\t\t\n\t<div id=\"ngg-image-663\" class=\"ngg-gallery-thumbnail-box\"  >\n\t\t<div class=\"ngg-gallery-thumbnail\" >\n\t\t\t<a href=\"https:\/\/www.palkehitised.ee\/wp-content\/gallery\/norra\/imgp3213.jpg\"\n\t\t\t\ttitle=\" \"\n\t\t\t\t data-image-id=\"663\" data-src=\"https:\/\/www.palkehitised.ee\/wp-content\/gallery\/norra\/imgp3213.jpg\" data-thumbnail=\"https:\/\/www.palkehitised.ee\/wp-content\/gallery\/norra\/cache\/imgp3213.jpg-nggid03663-ngg0dyn-100x75x100-00f0w010c011r110f110r010t010.jpg\" data-title=\"imgp3213\" data-description=\" \" >\n\t\t\t\t\t\t\t\t<img title=\"imgp3213\" alt=\"imgp3213\" src=\"https:\/\/www.palkehitised.ee\/wp-content\/gallery\/norra\/cache\/imgp3213.jpg-nggid03663-ngg0dyn-100x75x100-00f0w010c011r110f110r010t010.jpg\" width='100' height='75' \/>\n\t\t\t\t\t\t\t<\/a>\n\t\t<\/div>\n\t<\/div>\n\n\t\t\t\t\t\t\t\t\t\n\t\t\n\t<div id=\"ngg-image-664\" class=\"ngg-gallery-thumbnail-box\"  >\n\t\t<div class=\"ngg-gallery-thumbnail\" >\n\t\t\t<a href=\"https:\/\/www.palkehitised.ee\/wp-content\/gallery\/norra\/imgp3217.jpg\"\n\t\t\t\ttitle=\" \"\n\t\t\t\t data-image-id=\"664\" data-src=\"https:\/\/www.palkehitised.ee\/wp-content\/gallery\/norra\/imgp3217.jpg\" data-thumbnail=\"https:\/\/www.palkehitised.ee\/wp-content\/gallery\/norra\/cache\/imgp3217.jpg-nggid03664-ngg0dyn-100x75x100-00f0w010c011r110f110r010t010.jpg\" data-title=\"imgp3217\" data-description=\" \" >\n\t\t\t\t\t\t\t\t<img title=\"imgp3217\" alt=\"imgp3217\" src=\"https:\/\/www.palkehitised.ee\/wp-content\/gallery\/norra\/cache\/imgp3217.jpg-nggid03664-ngg0dyn-100x75x100-00f0w010c011r110f110r010t010.jpg\" width='100' height='75' \/>\n\t\t\t\t\t\t\t<\/a>\n\t\t<\/div>\n\t<\/div>\n\n\t\t\t\t\t\t\t\t\t\n\t\t\n\t<div id=\"ngg-image-665\" class=\"ngg-gallery-thumbnail-box\"  >\n\t\t<div class=\"ngg-gallery-thumbnail\" >\n\t\t\t<a href=\"https:\/\/www.palkehitised.ee\/wp-content\/gallery\/norra\/imgp3222.jpg\"\n\t\t\t\ttitle=\" \"\n\t\t\t\t data-image-id=\"665\" data-src=\"https:\/\/www.palkehitised.ee\/wp-content\/gallery\/norra\/imgp3222.jpg\" data-thumbnail=\"https:\/\/www.palkehitised.ee\/wp-content\/gallery\/norra\/cache\/imgp3222.jpg-nggid03665-ngg0dyn-100x75x100-00f0w010c011r110f110r010t010.jpg\" data-title=\"imgp3222\" data-description=\" \" >\n\t\t\t\t\t\t\t\t<img title=\"imgp3222\" alt=\"imgp3222\" src=\"https:\/\/www.palkehitised.ee\/wp-content\/gallery\/norra\/cache\/imgp3222.jpg-nggid03665-ngg0dyn-100x75x100-00f0w010c011r110f110r010t010.jpg\" width='100' height='75' \/>\n\t\t\t\t\t\t\t<\/a>\n\t\t<\/div>\n\t<\/div>\n\n\t\t\t\t\t\t\t\t\t\n\t\t\n\t<div id=\"ngg-image-666\" class=\"ngg-gallery-thumbnail-box\"  >\n\t\t<div class=\"ngg-gallery-thumbnail\" >\n\t\t\t<a href=\"https:\/\/www.palkehitised.ee\/wp-content\/gallery\/norra\/imgp3228.jpg\"\n\t\t\t\ttitle=\" \"\n\t\t\t\t data-image-id=\"666\" data-src=\"https:\/\/www.palkehitised.ee\/wp-content\/gallery\/norra\/imgp3228.jpg\" data-thumbnail=\"https:\/\/www.palkehitised.ee\/wp-content\/gallery\/norra\/cache\/imgp3228.jpg-nggid03666-ngg0dyn-100x75x100-00f0w010c011r110f110r010t010.jpg\" data-title=\"imgp3228\" data-description=\" \" >\n\t\t\t\t\t\t\t\t<img title=\"imgp3228\" alt=\"imgp3228\" src=\"https:\/\/www.palkehitised.ee\/wp-content\/gallery\/norra\/cache\/imgp3228.jpg-nggid03666-ngg0dyn-100x75x100-00f0w010c011r110f110r010t010.jpg\" width='100' height='75' \/>\n\t\t\t\t\t\t\t<\/a>\n\t\t<\/div>\n\t<\/div>\n\n\t\t\t\t\t\t\t\t\t\n\t\t\n\t<div id=\"ngg-image-667\" class=\"ngg-gallery-thumbnail-box\"  >\n\t\t<div class=\"ngg-gallery-thumbnail\" >\n\t\t\t<a href=\"https:\/\/www.palkehitised.ee\/wp-content\/gallery\/norra\/imgp3431.jpg\"\n\t\t\t\ttitle=\" \"\n\t\t\t\t data-image-id=\"667\" data-src=\"https:\/\/www.palkehitised.ee\/wp-content\/gallery\/norra\/imgp3431.jpg\" data-thumbnail=\"https:\/\/www.palkehitised.ee\/wp-content\/gallery\/norra\/cache\/imgp3431.jpg-nggid03667-ngg0dyn-100x75x100-00f0w010c011r110f110r010t010.jpg\" data-title=\"imgp3431\" data-description=\" \" >\n\t\t\t\t\t\t\t\t<img title=\"imgp3431\" alt=\"imgp3431\" src=\"https:\/\/www.palkehitised.ee\/wp-content\/gallery\/norra\/cache\/imgp3431.jpg-nggid03667-ngg0dyn-100x75x100-00f0w010c011r110f110r010t010.jpg\" width='100' height='75' \/>\n\t\t\t\t\t\t\t<\/a>\n\t\t<\/div>\n\t<\/div>\n\n\t\t\t\t\t\t\t\t\t\n\t\t\n\t<div id=\"ngg-image-668\" class=\"ngg-gallery-thumbnail-box\"  >\n\t\t<div class=\"ngg-gallery-thumbnail\" >\n\t\t\t<a href=\"https:\/\/www.palkehitised.ee\/wp-content\/gallery\/norra\/imgp3432.jpg\"\n\t\t\t\ttitle=\" \"\n\t\t\t\t data-image-id=\"668\" data-src=\"https:\/\/www.palkehitised.ee\/wp-content\/gallery\/norra\/imgp3432.jpg\" data-thumbnail=\"https:\/\/www.palkehitised.ee\/wp-content\/gallery\/norra\/cache\/imgp3432.jpg-nggid03668-ngg0dyn-100x75x100-00f0w010c011r110f110r010t010.jpg\" data-title=\"imgp3432\" data-description=\" \" >\n\t\t\t\t\t\t\t\t<img title=\"imgp3432\" alt=\"imgp3432\" src=\"https:\/\/www.palkehitised.ee\/wp-content\/gallery\/norra\/cache\/imgp3432.jpg-nggid03668-ngg0dyn-100x75x100-00f0w010c011r110f110r010t010.jpg\" width='100' height='75' \/>\n\t\t\t\t\t\t\t<\/a>\n\t\t<\/div>\n\t<\/div>\n\n\t\t\t\t\t\t\t\t\t\n\t\t\n\t<div id=\"ngg-image-669\" class=\"ngg-gallery-thumbnail-box\"  >\n\t\t<div class=\"ngg-gallery-thumbnail\" >\n\t\t\t<a href=\"https:\/\/www.palkehitised.ee\/wp-content\/gallery\/norra\/imgp3554.jpg\"\n\t\t\t\ttitle=\" \"\n\t\t\t\t data-image-id=\"669\" data-src=\"https:\/\/www.palkehitised.ee\/wp-content\/gallery\/norra\/imgp3554.jpg\" data-thumbnail=\"https:\/\/www.palkehitised.ee\/wp-content\/gallery\/norra\/cache\/imgp3554.jpg-nggid03669-ngg0dyn-100x75x100-00f0w010c011r110f110r010t010.jpg\" data-title=\"imgp3554\" data-description=\" \" >\n\t\t\t\t\t\t\t\t<img title=\"imgp3554\" alt=\"imgp3554\" src=\"https:\/\/www.palkehitised.ee\/wp-content\/gallery\/norra\/cache\/imgp3554.jpg-nggid03669-ngg0dyn-100x75x100-00f0w010c011r110f110r010t010.jpg\" width='100' height='75' \/>\n\t\t\t\t\t\t\t<\/a>\n\t\t<\/div>\n\t<\/div>\n\n\t\t\t\t\t\t\t\t\t\n\t\t\n\t<div id=\"ngg-image-670\" class=\"ngg-gallery-thumbnail-box\"  >\n\t\t<div class=\"ngg-gallery-thumbnail\" >\n\t\t\t<a href=\"https:\/\/www.palkehitised.ee\/wp-content\/gallery\/norra\/kenneth-maja-valjast.jpg\"\n\t\t\t\ttitle=\" \"\n\t\t\t\t data-image-id=\"670\" data-src=\"https:\/\/www.palkehitised.ee\/wp-content\/gallery\/norra\/kenneth-maja-valjast.jpg\" data-thumbnail=\"https:\/\/www.palkehitised.ee\/wp-content\/gallery\/norra\/cache\/kenneth-maja-valjast.jpg-nggid03670-ngg0dyn-100x75x100-00f0w010c011r110f110r010t010.jpg\" data-title=\"kenneth-maja-valjast\" data-description=\" \" >\n\t\t\t\t\t\t\t\t<img title=\"kenneth-maja-valjast\" alt=\"kenneth-maja-valjast\" src=\"https:\/\/www.palkehitised.ee\/wp-content\/gallery\/norra\/cache\/kenneth-maja-valjast.jpg-nggid03670-ngg0dyn-100x75x100-00f0w010c011r110f110r010t010.jpg\" width='100' height='75' \/>\n\t\t\t\t\t\t\t<\/a>\n\t\t<\/div>\n\t<\/div>\n\n\t\t\t\t\t\t\t\t\t\n\t\t\n\t<div id=\"ngg-image-671\" class=\"ngg-gallery-thumbnail-box\"  >\n\t\t<div class=\"ngg-gallery-thumbnail\" >\n\t\t\t<a href=\"https:\/\/www.palkehitised.ee\/wp-content\/gallery\/norra\/rein-saun-talvel.jpg\"\n\t\t\t\ttitle=\" \"\n\t\t\t\t data-image-id=\"671\" data-src=\"https:\/\/www.palkehitised.ee\/wp-content\/gallery\/norra\/rein-saun-talvel.jpg\" data-thumbnail=\"https:\/\/www.palkehitised.ee\/wp-content\/gallery\/norra\/cache\/rein-saun-talvel.jpg-nggid03671-ngg0dyn-100x75x100-00f0w010c011r110f110r010t010.jpg\" data-title=\"rein-saun-talvel\" data-description=\" \" >\n\t\t\t\t\t\t\t\t<img title=\"rein-saun-talvel\" alt=\"rein-saun-talvel\" src=\"https:\/\/www.palkehitised.ee\/wp-content\/gallery\/norra\/cache\/rein-saun-talvel.jpg-nggid03671-ngg0dyn-100x75x100-00f0w010c011r110f110r010t010.jpg\" width='100' height='75' \/>\n\t\t\t\t\t\t\t<\/a>\n\t\t<\/div>\n\t<\/div>\n\n\t\t\t\t\t\t\t\t\t\n\t\t\n\t<div id=\"ngg-image-672\" class=\"ngg-gallery-thumbnail-box\"  >\n\t\t<div class=\"ngg-gallery-thumbnail\" >\n\t\t\t<a href=\"https:\/\/www.palkehitised.ee\/wp-content\/gallery\/norra\/roy-2-reklaam-lehele.jpg\"\n\t\t\t\ttitle=\" \"\n\t\t\t\t data-image-id=\"672\" data-src=\"https:\/\/www.palkehitised.ee\/wp-content\/gallery\/norra\/roy-2-reklaam-lehele.jpg\" data-thumbnail=\"https:\/\/www.palkehitised.ee\/wp-content\/gallery\/norra\/cache\/roy-2-reklaam-lehele.jpg-nggid03672-ngg0dyn-100x75x100-00f0w010c011r110f110r010t010.jpg\" data-title=\"roy-2-reklaam-lehele\" data-description=\" \" >\n\t\t\t\t\t\t\t\t<img title=\"roy-2-reklaam-lehele\" alt=\"roy-2-reklaam-lehele\" src=\"https:\/\/www.palkehitised.ee\/wp-content\/gallery\/norra\/cache\/roy-2-reklaam-lehele.jpg-nggid03672-ngg0dyn-100x75x100-00f0w010c011r110f110r010t010.jpg\" width='100' height='75' \/>\n\t\t\t\t\t\t\t<\/a>\n\t\t<\/div>\n\t<\/div>\n\n\t\t\t\t\t\t\t\t\t\n\t\t\n\t<!-- Pagination -->\n\t\t<div class='ngg-clear'><\/div>\t\n<\/div>\n\n\t\n","protected":false},"excerpt":{"rendered":"<p>Norjaan olemme rakentaneet etup\u00e4\u00e4ss\u00e4 Filefjellin ymp\u00e4rist\u00f6\u00f6n Tyinin j\u00e4rven rannalle. Tietoa Filefjellist\u00e4: http:\/\/www.visitnorway.com\/en\/Product\/?pid=92965 Tietoa Tyinist\u00e4: http:\/\/www.tyin.no\/portal\/<\/p>\n","protected":false},"author":1,"featured_media":404,"parent":758,"menu_order":0,"comment_status":"open","ping_status":"open","template":"","meta":{"ngg_post_thumbnail":0,"footnotes":""},"_links":{"self":[{"href":"https:\/\/www.palkehitised.ee\/fi\/wp-json\/wp\/v2\/pages\/816"}],"collection":[{"href":"https:\/\/www.palkehitised.ee\/fi\/wp-json\/wp\/v2\/pages"}],"about":[{"href":"https:\/\/www.palkehitised.ee\/fi\/wp-json\/wp\/v2\/types\/page"}],"author":[{"embeddable":true,"href":"https:\/\/www.palkehitised.ee\/fi\/wp-json\/wp\/v2\/users\/1"}],"replies":[{"embeddable":true,"href":"https:\/\/www.palkehitised.ee\/fi\/wp-json\/wp\/v2\/comments?post=816"}],"version-history":[{"count":1,"href":"https:\/\/www.palkehitised.ee\/fi\/wp-json\/wp\/v2\/pages\/816\/revisions"}],"predecessor-version":[{"id":820,"href":"https:\/\/www.palkehitised.ee\/fi\/wp-json\/wp\/v2\/pages\/816\/revisions\/820"}],"up":[{"embeddable":true,"href":"https:\/\/www.palkehitised.ee\/fi\/wp-json\/wp\/v2\/pages\/758"}],"wp:featuredmedia":[{"embeddable":true,"href":"https:\/\/www.palkehitised.ee\/fi\/wp-json\/wp\/v2\/media\/404"}],"wp:attachment":[{"href":"https:\/\/www.palkehitised.ee\/fi\/wp-json\/wp\/v2\/media?parent=816"}],"curies":[{"name":"wp","href":"https:\/\/api.w.org\/{rel}","templated":true}]}}