{"id":634,"date":"2012-11-04T21:30:53","date_gmt":"2012-11-04T21:30:53","guid":{"rendered":"http:\/\/www.palkehitised.ee\/?page_id=634"},"modified":"2021-03-25T17:36:48","modified_gmt":"2021-03-25T17:36:48","slug":"yhteistyokumppanimme","status":"publish","type":"page","link":"https:\/\/www.palkehitised.ee\/fi\/yhteistyokumppanimme\/","title":{"rendered":"Yhteisty\u00f6kumppanimme"},"content":{"rendered":"<p><span style=\"text-decoration: underline;\"><a href=\"http:\/\/www.puitmajaliit.ee\/fi\">www.puitmajaliit.ee\/fi<\/a><\/span> &nbsp;Eesti Puitmajaliit \/ Viron puutaloliitto<\/p>\n<p><a href=\"http:\/\/www.palklaud.ee\/\">www.palklaud.ee<\/a> &nbsp;hirrest\u00e4 puutarhakalusteet, piirustukset<\/p>\n<p><a href=\"http:\/\/www.ecooil.ee\/\">www.ecooil.ee<\/a> luonnolliset puunsuojavalmisteet, kylpytynnyrit, torusaunad<\/p>\n<p><a href=\"http:\/\/www.puidueksperdid.ee\" target=\"_blank\" rel=\"noopener\">www.puidueksperdid.ee<\/a>&nbsp; \u2013 h\u00f6yl\u00e4tty sahatavara, lattian laudat<\/p>\n<p><u><a href=\"http:\/\/www.fripuit.ee\">www.fripuit.ee<\/a>&nbsp;<\/u>sahatavara, leikkaus<\/p>\n<p><a href=\"http:\/\/www.rasper.ee\">www.rasper.ee<\/a> Puuovet, ikkunat, portaat ja puukalusto<\/p>\n<p><a href=\"http:\/\/www.sepp.ee\/\" target=\"_blank\" rel=\"noopener\">www.sepp.ee<\/a>&nbsp; Hirsirakennuksen ty\u00f6kalut, sep\u00e4nty\u00f6t<\/p>\n<p><a href=\"http:\/\/www.mehka.ee\/\">www.mehka.ee<\/a> sahat, huolto<\/p>\n<p><span style=\"text-decoration: underline;\">www.saemeister.ee<\/span> sahat, materiaali, huolto<\/p>\n<p><a href=\"http:\/\/www.makserv.ee\/\">www.makserv.ee<\/a> Makita ty\u00f6kalut<\/p>\n<p><a href=\"http:\/\/www.rmk.ee\/\">www.rmk.ee<\/a> rakennushirsi<\/p>\n<p><a href=\"http:\/\/www.toosikannu.ee\/\">www.toosikannu.ee<\/a>&nbsp; lomakeskus Toosikannu puhkekeskus<\/p>\n<p><a href=\"http:\/\/www.ruhnu.ee\/limosaun\" target=\"_blank\" rel=\"noopener\">www.ruhnu.ee\/limosaun\/<\/a> Limo sauna Ruhnu saarella<\/p>\n<p><a href=\"http:\/\/www.varvimaailm.ee\/\">http:\/\/www.varvimaailm.ee\/<\/a> ES Sadolin AS (puusuojeluaineet, maalit, lakat, kyll\u00e4stysaineet)<\/p>\n<p><span style=\"text-decoration: underline;\"><a href=\"http:\/\/www.puukujurid.ee\/\">www.puukujurid.ee<\/a><\/span>&nbsp; Puuveistoksia, puutarhakalusteet<\/p>\n<p><a href=\"http:\/\/www.rand-tuulberg.ee\/\">www.rand-tuulberg.ee<\/a> AS Ehitusfirma Rand&nbsp;ja Tuulberg (rakennuksen p\u00e4\u00e4urakointi)<\/p>\n<p><a href=\"http:\/\/www.rpkhiili.fi\/\">www.rpkhiili.fi<\/a> RPK Hiily OY<\/p>\n<p><a href=\"http:\/\/www.finnland-block.com\/\">www.finnland-block.com<\/a> kumpani Austria \u2013 Saksamaa \u2013Shveits \u2013 Itaalia<\/p>\n<p><a href=\"http:\/\/www.palkmaja.eu\/\">www.palkmaja.eu<\/a> Holzland O\u00dc \u2013 konehirsitalot<\/p>\n<p><a href=\"http:\/\/www.rauder.ee\">rauder.ee<\/a> &nbsp;&#8211;&nbsp; Viron ja kansainv\u00e4liset tavarakuljetukset, kuljetukset kippiautoilla<\/p>\n<p><a href=\"http:\/\/www.kintlog.ee\/\">www.kintlog.ee<\/a> &#8211; Viron ja kansainv\u00e4liset tavarakuljetukset, kuljetukset kippiautoilla<\/p>\n<p><a href=\"http:\/\/www.nordicsped.com\">www.nordicsped.com<\/a>&nbsp;Nordic Spedition, transport<\/p>\n<p><a href=\"http:\/\/www.estfire.ee\">www.esfire.ee<\/a> \u2013 cutting and drying of buildinglogs, firewood<\/p>\n","protected":false},"excerpt":{"rendered":"<p>www.puitmajaliit.ee\/fi &nbsp;Eesti Puitmajaliit \/ Viron puutaloliitto www.palklaud.ee &nbsp;hirrest\u00e4 puutarhakalusteet, piirustukset www.ecooil.ee luonnolliset puunsuojavalmisteet, kylpytynnyrit, torusaunad www.puidueksperdid.ee&nbsp; \u2013 h\u00f6yl\u00e4tty sahatavara, lattian laudat www.fripuit.ee&nbsp;sahatavara, leikkaus www.rasper.ee Puuovet, ikkunat, portaat ja puukalusto www.sepp.ee&nbsp; Hirsirakennuksen ty\u00f6kalut, sep\u00e4nty\u00f6t www.mehka.ee sahat, huolto www.saemeister.ee sahat, materiaali, huolto &hellip; <a href=\"https:\/\/www.palkehitised.ee\/fi\/yhteistyokumppanimme\/\">Continue reading <span class=\"meta-nav\">&rarr;<\/span><\/a><\/p>\n","protected":false},"author":1,"featured_media":6847,"parent":0,"menu_order":0,"comment_status":"open","ping_status":"open","template":"","meta":{"ngg_post_thumbnail":0,"footnotes":""},"_links":{"self":[{"href":"https:\/\/www.palkehitised.ee\/fi\/wp-json\/wp\/v2\/pages\/634"}],"collection":[{"href":"https:\/\/www.palkehitised.ee\/fi\/wp-json\/wp\/v2\/pages"}],"about":[{"href":"https:\/\/www.palkehitised.ee\/fi\/wp-json\/wp\/v2\/types\/page"}],"author":[{"embeddable":true,"href":"https:\/\/www.palkehitised.ee\/fi\/wp-json\/wp\/v2\/users\/1"}],"replies":[{"embeddable":true,"href":"https:\/\/www.palkehitised.ee\/fi\/wp-json\/wp\/v2\/comments?post=634"}],"version-history":[{"count":4,"href":"https:\/\/www.palkehitised.ee\/fi\/wp-json\/wp\/v2\/pages\/634\/revisions"}],"predecessor-version":[{"id":4362,"href":"https:\/\/www.palkehitised.ee\/fi\/wp-json\/wp\/v2\/pages\/634\/revisions\/4362"}],"wp:featuredmedia":[{"embeddable":true,"href":"https:\/\/www.palkehitised.ee\/fi\/wp-json\/wp\/v2\/media\/6847"}],"wp:attachment":[{"href":"https:\/\/www.palkehitised.ee\/fi\/wp-json\/wp\/v2\/media?parent=634"}],"curies":[{"name":"wp","href":"https:\/\/api.w.org\/{rel}","templated":true}]}}