{"id":626,"date":"2012-11-04T21:22:28","date_gmt":"2012-11-04T21:22:28","guid":{"rendered":"http:\/\/www.palkehitised.ee\/?page_id=626"},"modified":"2024-09-05T05:35:52","modified_gmt":"2024-09-05T05:35:52","slug":"myyntiin","status":"publish","type":"page","link":"https:\/\/www.palkehitised.ee\/fi\/myyntiin\/","title":{"rendered":"Myyntiin"},"content":{"rendered":"<p>Meill\u00e4 on myynniss\u00e4 (rakenteilla) k\u00e4sintehty hirsim\u00f6kki, joka sopisi saunaan, m\u00f6kille tai pienemp\u00e4\u00e4n taloon.<\/p>\n<p>Mitat n. 5x7m<br \/>\nProjekti on hieman erikoinen &#8211; nimitt\u00e4in p\u00e4\u00e4ty- ja sis\u00e4sein\u00e4t on tehty neli\u00f6m\u00e4isest\u00e4 hirsist\u00e4 (lafette 230mm, m\u00e4nty) ja sivusein\u00e4t py\u00f6r\u00f6hirsist\u00e4 (halkaisija 30+ cm, kuusi) &#8211; yhdistetty toisiinsa Norjalaisen tapin kaltainen liitos, joka on patentoitava.<\/p>\n<p>T\u00e4ll\u00e4 hetkell\u00e4 projektiin on viel\u00e4 mahdollista tehd\u00e4 joitain muutoksia<br \/>\nTarjouksessa hirsiosa I kerros 2800mm hirsisein\u00e4 +II kerros POST+PURLIN ja kattotuelit. Jossa kaikki tarpeellinen (villa, pullat, tarrat, metalli) asennettuna tontille.<\/p>\n<p>HINTA: 16 000 EUR (lis\u00e4 kuljetus ja asennus Suomessa)<\/p>\n<p>Hirsikehikko sijaitsee osoitteessa: JANSA O\u00dc, Valgj\u00e4rve, 63419, Kanepi vald, P\u00f5lvamaa<\/p>\n<p>puheline: +372 5186818<br \/>\nmail: janek@palkehitised.ee<br \/>\nwww.palkehitised.ee<\/p>\n\n<div class=\"ngg-galleryoverview\" id=\"ngg-gallery-4c910445cb292e0eefff8d0f3b1d2bd2-626\">\n\n\t\t\t<!-- Slideshow link -->\n\t<div class=\"slideshowlink\">\n\t\t<a class=\"slideshowlink\" href=\"https:\/\/www.palkehitised.ee\/fi\/myyntiin\/nggallery\/slideshow\">\n\t\t\t[Show as slideshow]\t\t<\/a>\n\t<\/div>\n\n\t<!-- Thumbnails -->\n\t\t\t\t\t\n\t<div id=\"ngg-image-2282\" class=\"ngg-gallery-thumbnail-box\"  >\n\t\t<div class=\"ngg-gallery-thumbnail\" >\n\t\t\t<a href=\"https:\/\/www.palkehitised.ee\/jansacabin-2023\/IIk.JPG\"\n\t\t\t\ttitle=\" \"\n\t\t\t\t data-image-id=\"2282\" data-src=\"https:\/\/www.palkehitised.ee\/jansacabin-2023\/IIk.JPG\" data-thumbnail=\"https:\/\/www.palkehitised.ee\/jansacabin-2023\/cache\/IIk.JPG-nggid042282-ngg0dyn-100x75x100-00f0w010c011r110f110r010t010.JPG\" data-title=\"IIk\" data-description=\" \" >\n\t\t\t\t\t\t\t\t<img title=\"IIk\" alt=\"IIk\" src=\"https:\/\/www.palkehitised.ee\/jansacabin-2023\/cache\/IIk.JPG-nggid042282-ngg0dyn-100x75x100-00f0w010c011r110f110r010t010.JPG\" width='100' height='75' \/>\n\t\t\t\t\t\t\t<\/a>\n\t\t<\/div>\n\t<\/div>\n\n\t\t\t\t\t\t\t\t\t\n\t\t\n\t<div id=\"ngg-image-2283\" class=\"ngg-gallery-thumbnail-box\"  >\n\t\t<div class=\"ngg-gallery-thumbnail\" >\n\t\t\t<a href=\"https:\/\/www.palkehitised.ee\/jansacabin-2023\/loige.JPG\"\n\t\t\t\ttitle=\" \"\n\t\t\t\t data-image-id=\"2283\" data-src=\"https:\/\/www.palkehitised.ee\/jansacabin-2023\/loige.JPG\" data-thumbnail=\"https:\/\/www.palkehitised.ee\/jansacabin-2023\/cache\/loige.JPG-nggid042283-ngg0dyn-100x75x100-00f0w010c011r110f110r010t010.JPG\" data-title=\"loige\" data-description=\" \" >\n\t\t\t\t\t\t\t\t<img title=\"loige\" alt=\"loige\" src=\"https:\/\/www.palkehitised.ee\/jansacabin-2023\/cache\/loige.JPG-nggid042283-ngg0dyn-100x75x100-00f0w010c011r110f110r010t010.JPG\" width='100' height='75' \/>\n\t\t\t\t\t\t\t<\/a>\n\t\t<\/div>\n\t<\/div>\n\n\t\t\t\t\t\t\t\t\t\n\t\t\n\t<div id=\"ngg-image-2284\" class=\"ngg-gallery-thumbnail-box\"  >\n\t\t<div class=\"ngg-gallery-thumbnail\" >\n\t\t\t<a href=\"https:\/\/www.palkehitised.ee\/jansacabin-2023\/plaan2024.JPG\"\n\t\t\t\ttitle=\" \"\n\t\t\t\t data-image-id=\"2284\" data-src=\"https:\/\/www.palkehitised.ee\/jansacabin-2023\/plaan2024.JPG\" data-thumbnail=\"https:\/\/www.palkehitised.ee\/jansacabin-2023\/cache\/plaan2024.JPG-nggid042284-ngg0dyn-100x75x100-00f0w010c011r110f110r010t010.JPG\" data-title=\"plaan2024\" data-description=\" \" >\n\t\t\t\t\t\t\t\t<img title=\"plaan2024\" alt=\"plaan2024\" src=\"https:\/\/www.palkehitised.ee\/jansacabin-2023\/cache\/plaan2024.JPG-nggid042284-ngg0dyn-100x75x100-00f0w010c011r110f110r010t010.JPG\" width='100' height='75' \/>\n\t\t\t\t\t\t\t<\/a>\n\t\t<\/div>\n\t<\/div>\n\n\t\t\t\t\t\t\t\t\t\n\t\t\n\t<div id=\"ngg-image-2285\" class=\"ngg-gallery-thumbnail-box\"  >\n\t\t<div class=\"ngg-gallery-thumbnail\" >\n\t\t\t<a href=\"https:\/\/www.palkehitised.ee\/jansacabin-2023\/3d2.JPG\"\n\t\t\t\ttitle=\" \"\n\t\t\t\t data-image-id=\"2285\" data-src=\"https:\/\/www.palkehitised.ee\/jansacabin-2023\/3d2.JPG\" data-thumbnail=\"https:\/\/www.palkehitised.ee\/jansacabin-2023\/cache\/3d2.JPG-nggid042285-ngg0dyn-100x75x100-00f0w010c011r110f110r010t010.JPG\" data-title=\"3d2\" data-description=\" \" >\n\t\t\t\t\t\t\t\t<img title=\"3d2\" alt=\"3d2\" src=\"https:\/\/www.palkehitised.ee\/jansacabin-2023\/cache\/3d2.JPG-nggid042285-ngg0dyn-100x75x100-00f0w010c011r110f110r010t010.JPG\" width='100' height='75' \/>\n\t\t\t\t\t\t\t<\/a>\n\t\t<\/div>\n\t<\/div>\n\n\t\t\t\t\t\t\t\t\t\n\t\t\n\t<div id=\"ngg-image-2286\" class=\"ngg-gallery-thumbnail-box\"  >\n\t\t<div class=\"ngg-gallery-thumbnail\" >\n\t\t\t<a href=\"https:\/\/www.palkehitised.ee\/jansacabin-2023\/3d1.JPG\"\n\t\t\t\ttitle=\" \"\n\t\t\t\t data-image-id=\"2286\" data-src=\"https:\/\/www.palkehitised.ee\/jansacabin-2023\/3d1.JPG\" data-thumbnail=\"https:\/\/www.palkehitised.ee\/jansacabin-2023\/cache\/3d1.JPG-nggid042286-ngg0dyn-100x75x100-00f0w010c011r110f110r010t010.JPG\" data-title=\"3d1\" data-description=\" \" >\n\t\t\t\t\t\t\t\t<img title=\"3d1\" alt=\"3d1\" src=\"https:\/\/www.palkehitised.ee\/jansacabin-2023\/cache\/3d1.JPG-nggid042286-ngg0dyn-100x75x100-00f0w010c011r110f110r010t010.JPG\" width='100' height='75' \/>\n\t\t\t\t\t\t\t<\/a>\n\t\t<\/div>\n\t<\/div>\n\n\t\t\t\t\t\t\t\t\t\n\t\t\n\t<div id=\"ngg-image-2149\" class=\"ngg-gallery-thumbnail-box\"  >\n\t\t<div class=\"ngg-gallery-thumbnail\" >\n\t\t\t<a href=\"https:\/\/www.palkehitised.ee\/jansacabin-2023\/jc4.jpeg\"\n\t\t\t\ttitle=\" \"\n\t\t\t\t data-image-id=\"2149\" data-src=\"https:\/\/www.palkehitised.ee\/jansacabin-2023\/jc4.jpeg\" data-thumbnail=\"https:\/\/www.palkehitised.ee\/jansacabin-2023\/cache\/jc4.jpeg-nggid042149-ngg0dyn-100x75x100-00f0w010c011r110f110r010t010.jpeg\" data-title=\"jc4\" data-description=\" \" >\n\t\t\t\t\t\t\t\t<img title=\"jc4\" alt=\"jc4\" src=\"https:\/\/www.palkehitised.ee\/jansacabin-2023\/cache\/jc4.jpeg-nggid042149-ngg0dyn-100x75x100-00f0w010c011r110f110r010t010.jpeg\" width='100' height='75' \/>\n\t\t\t\t\t\t\t<\/a>\n\t\t<\/div>\n\t<\/div>\n\n\t\t\t\t\t\t\t\t\t\n\t\t\n\t<div id=\"ngg-image-2150\" class=\"ngg-gallery-thumbnail-box\"  >\n\t\t<div class=\"ngg-gallery-thumbnail\" >\n\t\t\t<a href=\"https:\/\/www.palkehitised.ee\/jansacabin-2023\/jc5.jpeg\"\n\t\t\t\ttitle=\" \"\n\t\t\t\t data-image-id=\"2150\" data-src=\"https:\/\/www.palkehitised.ee\/jansacabin-2023\/jc5.jpeg\" data-thumbnail=\"https:\/\/www.palkehitised.ee\/jansacabin-2023\/cache\/jc5.jpeg-nggid042150-ngg0dyn-100x75x100-00f0w010c011r110f110r010t010.jpeg\" data-title=\"jc5\" data-description=\" \" >\n\t\t\t\t\t\t\t\t<img title=\"jc5\" alt=\"jc5\" src=\"https:\/\/www.palkehitised.ee\/jansacabin-2023\/cache\/jc5.jpeg-nggid042150-ngg0dyn-100x75x100-00f0w010c011r110f110r010t010.jpeg\" width='100' height='75' \/>\n\t\t\t\t\t\t\t<\/a>\n\t\t<\/div>\n\t<\/div>\n\n\t\t\t\t\t\t\t\t\t\n\t\t\n\t<div id=\"ngg-image-2151\" class=\"ngg-gallery-thumbnail-box\"  >\n\t\t<div class=\"ngg-gallery-thumbnail\" >\n\t\t\t<a href=\"https:\/\/www.palkehitised.ee\/jansacabin-2023\/jc6.jpeg\"\n\t\t\t\ttitle=\" \"\n\t\t\t\t data-image-id=\"2151\" data-src=\"https:\/\/www.palkehitised.ee\/jansacabin-2023\/jc6.jpeg\" data-thumbnail=\"https:\/\/www.palkehitised.ee\/jansacabin-2023\/cache\/jc6.jpeg-nggid042151-ngg0dyn-100x75x100-00f0w010c011r110f110r010t010.jpeg\" data-title=\"jc6\" data-description=\" \" >\n\t\t\t\t\t\t\t\t<img title=\"jc6\" alt=\"jc6\" src=\"https:\/\/www.palkehitised.ee\/jansacabin-2023\/cache\/jc6.jpeg-nggid042151-ngg0dyn-100x75x100-00f0w010c011r110f110r010t010.jpeg\" width='100' height='75' \/>\n\t\t\t\t\t\t\t<\/a>\n\t\t<\/div>\n\t<\/div>\n\n\t\t\t\t\t\t\t\t\t\n\t\t\n\t<div id=\"ngg-image-2152\" class=\"ngg-gallery-thumbnail-box\"  >\n\t\t<div class=\"ngg-gallery-thumbnail\" >\n\t\t\t<a href=\"https:\/\/www.palkehitised.ee\/jansacabin-2023\/jc7.jpeg\"\n\t\t\t\ttitle=\" \"\n\t\t\t\t data-image-id=\"2152\" data-src=\"https:\/\/www.palkehitised.ee\/jansacabin-2023\/jc7.jpeg\" data-thumbnail=\"https:\/\/www.palkehitised.ee\/jansacabin-2023\/cache\/jc7.jpeg-nggid042152-ngg0dyn-100x75x100-00f0w010c011r110f110r010t010.jpeg\" data-title=\"jc7\" data-description=\" \" >\n\t\t\t\t\t\t\t\t<img title=\"jc7\" alt=\"jc7\" src=\"https:\/\/www.palkehitised.ee\/jansacabin-2023\/cache\/jc7.jpeg-nggid042152-ngg0dyn-100x75x100-00f0w010c011r110f110r010t010.jpeg\" width='100' height='75' \/>\n\t\t\t\t\t\t\t<\/a>\n\t\t<\/div>\n\t<\/div>\n\n\t\t\t\t\t\t\t\t\t\n\t\t\n\t<div id=\"ngg-image-2153\" class=\"ngg-gallery-thumbnail-box\"  >\n\t\t<div class=\"ngg-gallery-thumbnail\" >\n\t\t\t<a href=\"https:\/\/www.palkehitised.ee\/jansacabin-2023\/jc8.jpeg\"\n\t\t\t\ttitle=\" \"\n\t\t\t\t data-image-id=\"2153\" data-src=\"https:\/\/www.palkehitised.ee\/jansacabin-2023\/jc8.jpeg\" data-thumbnail=\"https:\/\/www.palkehitised.ee\/jansacabin-2023\/cache\/jc8.jpeg-nggid042153-ngg0dyn-100x75x100-00f0w010c011r110f110r010t010.jpeg\" data-title=\"jc8\" data-description=\" \" >\n\t\t\t\t\t\t\t\t<img title=\"jc8\" alt=\"jc8\" src=\"https:\/\/www.palkehitised.ee\/jansacabin-2023\/cache\/jc8.jpeg-nggid042153-ngg0dyn-100x75x100-00f0w010c011r110f110r010t010.jpeg\" width='100' height='75' \/>\n\t\t\t\t\t\t\t<\/a>\n\t\t<\/div>\n\t<\/div>\n\n\t\t\t\t\t\t\t\t\t\n\t\t\n\t<div id=\"ngg-image-2154\" class=\"ngg-gallery-thumbnail-box\"  >\n\t\t<div class=\"ngg-gallery-thumbnail\" >\n\t\t\t<a href=\"https:\/\/www.palkehitised.ee\/jansacabin-2023\/jc9.jpeg\"\n\t\t\t\ttitle=\" \"\n\t\t\t\t data-image-id=\"2154\" data-src=\"https:\/\/www.palkehitised.ee\/jansacabin-2023\/jc9.jpeg\" data-thumbnail=\"https:\/\/www.palkehitised.ee\/jansacabin-2023\/cache\/jc9.jpeg-nggid042154-ngg0dyn-100x75x100-00f0w010c011r110f110r010t010.jpeg\" data-title=\"jc9\" data-description=\" \" >\n\t\t\t\t\t\t\t\t<img title=\"jc9\" alt=\"jc9\" src=\"https:\/\/www.palkehitised.ee\/jansacabin-2023\/cache\/jc9.jpeg-nggid042154-ngg0dyn-100x75x100-00f0w010c011r110f110r010t010.jpeg\" width='100' height='75' \/>\n\t\t\t\t\t\t\t<\/a>\n\t\t<\/div>\n\t<\/div>\n\n\t\t\t\t\t\t\t\t\t\n\t\t\n\t<div id=\"ngg-image-2155\" class=\"ngg-gallery-thumbnail-box\"  >\n\t\t<div class=\"ngg-gallery-thumbnail\" >\n\t\t\t<a href=\"https:\/\/www.palkehitised.ee\/jansacabin-2023\/jc10.jpeg\"\n\t\t\t\ttitle=\" \"\n\t\t\t\t data-image-id=\"2155\" data-src=\"https:\/\/www.palkehitised.ee\/jansacabin-2023\/jc10.jpeg\" data-thumbnail=\"https:\/\/www.palkehitised.ee\/jansacabin-2023\/cache\/jc10.jpeg-nggid042155-ngg0dyn-100x75x100-00f0w010c011r110f110r010t010.jpeg\" data-title=\"jc10\" data-description=\" \" >\n\t\t\t\t\t\t\t\t<img title=\"jc10\" alt=\"jc10\" src=\"https:\/\/www.palkehitised.ee\/jansacabin-2023\/cache\/jc10.jpeg-nggid042155-ngg0dyn-100x75x100-00f0w010c011r110f110r010t010.jpeg\" width='100' height='75' \/>\n\t\t\t\t\t\t\t<\/a>\n\t\t<\/div>\n\t<\/div>\n\n\t\t\t\t\t\t\t\t\t\n\t\t\n\t<div id=\"ngg-image-2156\" class=\"ngg-gallery-thumbnail-box\"  >\n\t\t<div class=\"ngg-gallery-thumbnail\" >\n\t\t\t<a href=\"https:\/\/www.palkehitised.ee\/jansacabin-2023\/jc11.jpeg\"\n\t\t\t\ttitle=\" \"\n\t\t\t\t data-image-id=\"2156\" data-src=\"https:\/\/www.palkehitised.ee\/jansacabin-2023\/jc11.jpeg\" data-thumbnail=\"https:\/\/www.palkehitised.ee\/jansacabin-2023\/cache\/jc11.jpeg-nggid042156-ngg0dyn-100x75x100-00f0w010c011r110f110r010t010.jpeg\" data-title=\"jc11\" data-description=\" \" >\n\t\t\t\t\t\t\t\t<img title=\"jc11\" alt=\"jc11\" src=\"https:\/\/www.palkehitised.ee\/jansacabin-2023\/cache\/jc11.jpeg-nggid042156-ngg0dyn-100x75x100-00f0w010c011r110f110r010t010.jpeg\" width='100' height='75' \/>\n\t\t\t\t\t\t\t<\/a>\n\t\t<\/div>\n\t<\/div>\n\n\t\t\t\t\t\t\t\t\t\n\t\t\n\t<div id=\"ngg-image-2157\" class=\"ngg-gallery-thumbnail-box\"  >\n\t\t<div class=\"ngg-gallery-thumbnail\" >\n\t\t\t<a href=\"https:\/\/www.palkehitised.ee\/jansacabin-2023\/jc12.jpeg\"\n\t\t\t\ttitle=\" \"\n\t\t\t\t data-image-id=\"2157\" data-src=\"https:\/\/www.palkehitised.ee\/jansacabin-2023\/jc12.jpeg\" data-thumbnail=\"https:\/\/www.palkehitised.ee\/jansacabin-2023\/cache\/jc12.jpeg-nggid042157-ngg0dyn-100x75x100-00f0w010c011r110f110r010t010.jpeg\" data-title=\"jc12\" data-description=\" \" >\n\t\t\t\t\t\t\t\t<img title=\"jc12\" alt=\"jc12\" src=\"https:\/\/www.palkehitised.ee\/jansacabin-2023\/cache\/jc12.jpeg-nggid042157-ngg0dyn-100x75x100-00f0w010c011r110f110r010t010.jpeg\" width='100' height='75' \/>\n\t\t\t\t\t\t\t<\/a>\n\t\t<\/div>\n\t<\/div>\n\n\t\t\t\t\t\t\t\t\t\n\t\t\n\t<div id=\"ngg-image-2158\" class=\"ngg-gallery-thumbnail-box\"  >\n\t\t<div class=\"ngg-gallery-thumbnail\" >\n\t\t\t<a href=\"https:\/\/www.palkehitised.ee\/jansacabin-2023\/jc13.jpeg\"\n\t\t\t\ttitle=\" \"\n\t\t\t\t data-image-id=\"2158\" data-src=\"https:\/\/www.palkehitised.ee\/jansacabin-2023\/jc13.jpeg\" data-thumbnail=\"https:\/\/www.palkehitised.ee\/jansacabin-2023\/cache\/jc13.jpeg-nggid042158-ngg0dyn-100x75x100-00f0w010c011r110f110r010t010.jpeg\" data-title=\"jc13\" data-description=\" \" >\n\t\t\t\t\t\t\t\t<img title=\"jc13\" alt=\"jc13\" src=\"https:\/\/www.palkehitised.ee\/jansacabin-2023\/cache\/jc13.jpeg-nggid042158-ngg0dyn-100x75x100-00f0w010c011r110f110r010t010.jpeg\" width='100' height='75' \/>\n\t\t\t\t\t\t\t<\/a>\n\t\t<\/div>\n\t<\/div>\n\n\t\t\t\t\t\t\t\t\t\n\t\t\n\t<div id=\"ngg-image-2159\" class=\"ngg-gallery-thumbnail-box\"  >\n\t\t<div class=\"ngg-gallery-thumbnail\" >\n\t\t\t<a href=\"https:\/\/www.palkehitised.ee\/jansacabin-2023\/jc14.jpeg\"\n\t\t\t\ttitle=\" \"\n\t\t\t\t data-image-id=\"2159\" data-src=\"https:\/\/www.palkehitised.ee\/jansacabin-2023\/jc14.jpeg\" data-thumbnail=\"https:\/\/www.palkehitised.ee\/jansacabin-2023\/cache\/jc14.jpeg-nggid042159-ngg0dyn-100x75x100-00f0w010c011r110f110r010t010.jpeg\" data-title=\"jc14\" data-description=\" \" >\n\t\t\t\t\t\t\t\t<img title=\"jc14\" alt=\"jc14\" src=\"https:\/\/www.palkehitised.ee\/jansacabin-2023\/cache\/jc14.jpeg-nggid042159-ngg0dyn-100x75x100-00f0w010c011r110f110r010t010.jpeg\" width='100' height='75' \/>\n\t\t\t\t\t\t\t<\/a>\n\t\t<\/div>\n\t<\/div>\n\n\t\t\t\t\t\t\t\t\t\n\t\t\n\t<div id=\"ngg-image-2148\" class=\"ngg-gallery-thumbnail-box\"  >\n\t\t<div class=\"ngg-gallery-thumbnail\" >\n\t\t\t<a href=\"https:\/\/www.palkehitised.ee\/jansacabin-2023\/jc2.jpeg\"\n\t\t\t\ttitle=\" \"\n\t\t\t\t data-image-id=\"2148\" data-src=\"https:\/\/www.palkehitised.ee\/jansacabin-2023\/jc2.jpeg\" data-thumbnail=\"https:\/\/www.palkehitised.ee\/jansacabin-2023\/cache\/jc2.jpeg-nggid042148-ngg0dyn-100x75x100-00f0w010c011r110f110r010t010.jpeg\" data-title=\"jc2\" data-description=\" \" >\n\t\t\t\t\t\t\t\t<img title=\"jc2\" alt=\"jc2\" src=\"https:\/\/www.palkehitised.ee\/jansacabin-2023\/cache\/jc2.jpeg-nggid042148-ngg0dyn-100x75x100-00f0w010c011r110f110r010t010.jpeg\" width='100' height='75' \/>\n\t\t\t\t\t\t\t<\/a>\n\t\t<\/div>\n\t<\/div>\n\n\t\t\t\t\t\t\t\t\t\n\t\t\n\t<!-- Pagination -->\n\t\t<div class='ngg-clear'><\/div>\t\n<\/div>\n\n\t\n","protected":false},"excerpt":{"rendered":"<p>Meill\u00e4 on myynniss\u00e4 (rakenteilla) k\u00e4sintehty hirsim\u00f6kki, joka sopisi saunaan, m\u00f6kille tai pienemp\u00e4\u00e4n taloon. Mitat n. 5x7m Projekti on hieman erikoinen &#8211; nimitt\u00e4in p\u00e4\u00e4ty- ja sis\u00e4sein\u00e4t on tehty neli\u00f6m\u00e4isest\u00e4 hirsist\u00e4 (lafette 230mm, m\u00e4nty) ja sivusein\u00e4t py\u00f6r\u00f6hirsist\u00e4 (halkaisija 30+ cm, kuusi) &#8211; &hellip; <a href=\"https:\/\/www.palkehitised.ee\/fi\/myyntiin\/\">Continue reading <span class=\"meta-nav\">&rarr;<\/span><\/a><\/p>\n","protected":false},"author":1,"featured_media":0,"parent":0,"menu_order":0,"comment_status":"open","ping_status":"open","template":"gallery.php","meta":{"ngg_post_thumbnail":0,"footnotes":""},"_links":{"self":[{"href":"https:\/\/www.palkehitised.ee\/fi\/wp-json\/wp\/v2\/pages\/626"}],"collection":[{"href":"https:\/\/www.palkehitised.ee\/fi\/wp-json\/wp\/v2\/pages"}],"about":[{"href":"https:\/\/www.palkehitised.ee\/fi\/wp-json\/wp\/v2\/types\/page"}],"author":[{"embeddable":true,"href":"https:\/\/www.palkehitised.ee\/fi\/wp-json\/wp\/v2\/users\/1"}],"replies":[{"embeddable":true,"href":"https:\/\/www.palkehitised.ee\/fi\/wp-json\/wp\/v2\/comments?post=626"}],"version-history":[{"count":9,"href":"https:\/\/www.palkehitised.ee\/fi\/wp-json\/wp\/v2\/pages\/626\/revisions"}],"predecessor-version":[{"id":6994,"href":"https:\/\/www.palkehitised.ee\/fi\/wp-json\/wp\/v2\/pages\/626\/revisions\/6994"}],"wp:attachment":[{"href":"https:\/\/www.palkehitised.ee\/fi\/wp-json\/wp\/v2\/media?parent=626"}],"curies":[{"name":"wp","href":"https:\/\/api.w.org\/{rel}","templated":true}]}}