{"id":620,"date":"2012-11-04T21:20:09","date_gmt":"2012-11-04T21:20:09","guid":{"rendered":"http:\/\/www.palkehitised.ee\/?page_id=620"},"modified":"2012-11-04T21:20:09","modified_gmt":"2012-11-04T21:20:09","slug":"hetkella-tilauksessa","status":"publish","type":"page","link":"https:\/\/www.palkehitised.ee\/fi\/hetkella-tilauksessa\/","title":{"rendered":"Hetkell\u00e4 tilauksessa"},"content":{"rendered":"<p>Katso alta mit\u00e4 teemme juuri t\u00e4ll\u00e4 hetkell\u00e4! Miten tapahtuu hirsitalon pystytys.<\/p>\n","protected":false},"excerpt":{"rendered":"<p>Katso alta mit\u00e4 teemme juuri t\u00e4ll\u00e4 hetkell\u00e4! Miten tapahtuu hirsitalon pystytys.<\/p>\n","protected":false},"author":1,"featured_media":0,"parent":0,"menu_order":0,"comment_status":"open","ping_status":"open","template":"gallery.php","meta":{"ngg_post_thumbnail":0,"footnotes":""},"_links":{"self":[{"href":"https:\/\/www.palkehitised.ee\/fi\/wp-json\/wp\/v2\/pages\/620"}],"collection":[{"href":"https:\/\/www.palkehitised.ee\/fi\/wp-json\/wp\/v2\/pages"}],"about":[{"href":"https:\/\/www.palkehitised.ee\/fi\/wp-json\/wp\/v2\/types\/page"}],"author":[{"embeddable":true,"href":"https:\/\/www.palkehitised.ee\/fi\/wp-json\/wp\/v2\/users\/1"}],"replies":[{"embeddable":true,"href":"https:\/\/www.palkehitised.ee\/fi\/wp-json\/wp\/v2\/comments?post=620"}],"version-history":[{"count":1,"href":"https:\/\/www.palkehitised.ee\/fi\/wp-json\/wp\/v2\/pages\/620\/revisions"}],"predecessor-version":[{"id":621,"href":"https:\/\/www.palkehitised.ee\/fi\/wp-json\/wp\/v2\/pages\/620\/revisions\/621"}],"wp:attachment":[{"href":"https:\/\/www.palkehitised.ee\/fi\/wp-json\/wp\/v2\/media?parent=620"}],"curies":[{"name":"wp","href":"https:\/\/api.w.org\/{rel}","templated":true}]}}