{"id":4231,"date":"2019-03-22T12:01:09","date_gmt":"2019-03-22T12:01:09","guid":{"rendered":"http:\/\/www.palkehitised.ee\/?page_id=4231"},"modified":"2019-03-26T08:52:36","modified_gmt":"2019-03-26T08:52:36","slug":"grillitalo","status":"publish","type":"page","link":"https:\/\/www.palkehitised.ee\/fi\/myyntiin\/grillitalo\/","title":{"rendered":"GRILLITALO"},"content":{"rendered":"<p>TARJOUS GRILLITALO 5x5m<\/p>\n<ul>\n<li>5x5m pind\u00e4<\/li>\n<li>K\u00e4sit\u00fc\u00f6 hirsi, pelkahirsi, diameter min 28 cm.&nbsp;<\/li>\n<li>M\u00e4nty, kuiva<\/li>\n<li>POST &amp; BEAM&nbsp;<\/li>\n<li>Hirsip\u00f6\u00fcda&nbsp;<\/li>\n<li>Kattotuolit<\/li>\n<\/ul>\n<p>NB! Teemme hyv\u00e4n tarjouksen<\/p>\n\n<div class=\"ngg-galleryoverview\" id=\"ngg-gallery-6535129659ae0f53d3fc1fc2a4fc1118-4231\">\n\n\t\t\t<!-- Slideshow link -->\n\t<div class=\"slideshowlink\">\n\t\t<a class=\"slideshowlink\" href=\"https:\/\/www.palkehitised.ee\/fi\/myyntiin\/grillitalo\/nggallery\/slideshow\">\n\t\t\t[Show as slideshow]\t\t<\/a>\n\t<\/div>\n\n\t<!-- Thumbnails -->\n\t\t\t\t\t\n\t<div id=\"ngg-image-2051\" class=\"ngg-gallery-thumbnail-box\"  >\n\t\t<div class=\"ngg-gallery-thumbnail\" >\n\t\t\t<a href=\"https:\/\/www.palkehitised.ee\/muuk2018\/P3159088.JPG\"\n\t\t\t\ttitle=\" \"\n\t\t\t\t data-image-id=\"2051\" data-src=\"https:\/\/www.palkehitised.ee\/muuk2018\/P3159088.JPG\" data-thumbnail=\"https:\/\/www.palkehitised.ee\/muuk2018\/cache\/P3159088.JPG-nggid042051-ngg0dyn-100x75x100-00f0w010c011r110f110r010t010.JPG\" data-title=\"P3159088\" data-description=\" \" >\n\t\t\t\t\t\t\t\t<img title=\"P3159088\" alt=\"P3159088\" src=\"https:\/\/www.palkehitised.ee\/muuk2018\/cache\/P3159088.JPG-nggid042051-ngg0dyn-100x75x100-00f0w010c011r110f110r010t010.JPG\" width='100' height='75' \/>\n\t\t\t\t\t\t\t<\/a>\n\t\t<\/div>\n\t<\/div>\n\n\t\t\t\t\t\t\t\t\t\n\t\t\n\t<div id=\"ngg-image-2052\" class=\"ngg-gallery-thumbnail-box\"  >\n\t\t<div class=\"ngg-gallery-thumbnail\" >\n\t\t\t<a href=\"https:\/\/www.palkehitised.ee\/muuk2018\/P3159089.JPG\"\n\t\t\t\ttitle=\" \"\n\t\t\t\t data-image-id=\"2052\" data-src=\"https:\/\/www.palkehitised.ee\/muuk2018\/P3159089.JPG\" data-thumbnail=\"https:\/\/www.palkehitised.ee\/muuk2018\/cache\/P3159089.JPG-nggid042052-ngg0dyn-100x75x100-00f0w010c011r110f110r010t010.JPG\" data-title=\"P3159089\" data-description=\" \" >\n\t\t\t\t\t\t\t\t<img title=\"P3159089\" alt=\"P3159089\" src=\"https:\/\/www.palkehitised.ee\/muuk2018\/cache\/P3159089.JPG-nggid042052-ngg0dyn-100x75x100-00f0w010c011r110f110r010t010.JPG\" width='100' height='75' \/>\n\t\t\t\t\t\t\t<\/a>\n\t\t<\/div>\n\t<\/div>\n\n\t\t\t\t\t\t\t\t\t\n\t\t\n\t<div id=\"ngg-image-2053\" class=\"ngg-gallery-thumbnail-box\"  >\n\t\t<div class=\"ngg-gallery-thumbnail\" >\n\t\t\t<a href=\"https:\/\/www.palkehitised.ee\/muuk2018\/P3159090.JPG\"\n\t\t\t\ttitle=\" \"\n\t\t\t\t data-image-id=\"2053\" data-src=\"https:\/\/www.palkehitised.ee\/muuk2018\/P3159090.JPG\" data-thumbnail=\"https:\/\/www.palkehitised.ee\/muuk2018\/cache\/P3159090.JPG-nggid042053-ngg0dyn-100x75x100-00f0w010c011r110f110r010t010.JPG\" data-title=\"P3159090\" data-description=\" \" >\n\t\t\t\t\t\t\t\t<img title=\"P3159090\" alt=\"P3159090\" src=\"https:\/\/www.palkehitised.ee\/muuk2018\/cache\/P3159090.JPG-nggid042053-ngg0dyn-100x75x100-00f0w010c011r110f110r010t010.JPG\" width='100' height='75' \/>\n\t\t\t\t\t\t\t<\/a>\n\t\t<\/div>\n\t<\/div>\n\n\t\t\t\t\t\t\t\t\t\n\t\t\n\t<div id=\"ngg-image-2054\" class=\"ngg-gallery-thumbnail-box\"  >\n\t\t<div class=\"ngg-gallery-thumbnail\" >\n\t\t\t<a href=\"https:\/\/www.palkehitised.ee\/muuk2018\/P3159091.JPG\"\n\t\t\t\ttitle=\" \"\n\t\t\t\t data-image-id=\"2054\" data-src=\"https:\/\/www.palkehitised.ee\/muuk2018\/P3159091.JPG\" data-thumbnail=\"https:\/\/www.palkehitised.ee\/muuk2018\/cache\/P3159091.JPG-nggid042054-ngg0dyn-100x75x100-00f0w010c011r110f110r010t010.JPG\" data-title=\"P3159091\" data-description=\" \" >\n\t\t\t\t\t\t\t\t<img title=\"P3159091\" alt=\"P3159091\" src=\"https:\/\/www.palkehitised.ee\/muuk2018\/cache\/P3159091.JPG-nggid042054-ngg0dyn-100x75x100-00f0w010c011r110f110r010t010.JPG\" width='100' height='75' \/>\n\t\t\t\t\t\t\t<\/a>\n\t\t<\/div>\n\t<\/div>\n\n\t\t\t\t\t\t\t\t\t\n\t\t\n\t<div id=\"ngg-image-2055\" class=\"ngg-gallery-thumbnail-box\"  >\n\t\t<div class=\"ngg-gallery-thumbnail\" >\n\t\t\t<a href=\"https:\/\/www.palkehitised.ee\/muuk2018\/P3159092.JPG\"\n\t\t\t\ttitle=\" \"\n\t\t\t\t data-image-id=\"2055\" data-src=\"https:\/\/www.palkehitised.ee\/muuk2018\/P3159092.JPG\" data-thumbnail=\"https:\/\/www.palkehitised.ee\/muuk2018\/cache\/P3159092.JPG-nggid042055-ngg0dyn-100x75x100-00f0w010c011r110f110r010t010.JPG\" data-title=\"P3159092\" data-description=\" \" >\n\t\t\t\t\t\t\t\t<img title=\"P3159092\" alt=\"P3159092\" src=\"https:\/\/www.palkehitised.ee\/muuk2018\/cache\/P3159092.JPG-nggid042055-ngg0dyn-100x75x100-00f0w010c011r110f110r010t010.JPG\" width='100' height='75' \/>\n\t\t\t\t\t\t\t<\/a>\n\t\t<\/div>\n\t<\/div>\n\n\t\t\t\t\t\t\t\t\t\n\t\t\n\t<div id=\"ngg-image-2056\" class=\"ngg-gallery-thumbnail-box\"  >\n\t\t<div class=\"ngg-gallery-thumbnail\" >\n\t\t\t<a href=\"https:\/\/www.palkehitised.ee\/muuk2018\/P3159093.JPG\"\n\t\t\t\ttitle=\" \"\n\t\t\t\t data-image-id=\"2056\" data-src=\"https:\/\/www.palkehitised.ee\/muuk2018\/P3159093.JPG\" data-thumbnail=\"https:\/\/www.palkehitised.ee\/muuk2018\/cache\/P3159093.JPG-nggid042056-ngg0dyn-100x75x100-00f0w010c011r110f110r010t010.JPG\" data-title=\"P3159093\" data-description=\" \" >\n\t\t\t\t\t\t\t\t<img title=\"P3159093\" alt=\"P3159093\" src=\"https:\/\/www.palkehitised.ee\/muuk2018\/cache\/P3159093.JPG-nggid042056-ngg0dyn-100x75x100-00f0w010c011r110f110r010t010.JPG\" width='100' height='75' \/>\n\t\t\t\t\t\t\t<\/a>\n\t\t<\/div>\n\t<\/div>\n\n\t\t\t\t\t\t\t\t\t\n\t\t\n\t<div id=\"ngg-image-2057\" class=\"ngg-gallery-thumbnail-box\"  >\n\t\t<div class=\"ngg-gallery-thumbnail\" >\n\t\t\t<a href=\"https:\/\/www.palkehitised.ee\/muuk2018\/P3159094.JPG\"\n\t\t\t\ttitle=\" \"\n\t\t\t\t data-image-id=\"2057\" data-src=\"https:\/\/www.palkehitised.ee\/muuk2018\/P3159094.JPG\" data-thumbnail=\"https:\/\/www.palkehitised.ee\/muuk2018\/cache\/P3159094.JPG-nggid042057-ngg0dyn-100x75x100-00f0w010c011r110f110r010t010.JPG\" data-title=\"P3159094\" data-description=\" \" >\n\t\t\t\t\t\t\t\t<img title=\"P3159094\" alt=\"P3159094\" src=\"https:\/\/www.palkehitised.ee\/muuk2018\/cache\/P3159094.JPG-nggid042057-ngg0dyn-100x75x100-00f0w010c011r110f110r010t010.JPG\" width='100' height='75' \/>\n\t\t\t\t\t\t\t<\/a>\n\t\t<\/div>\n\t<\/div>\n\n\t\t\t\t\t\t\t\t\t\n\t\t\n\t<div id=\"ngg-image-2058\" class=\"ngg-gallery-thumbnail-box\"  >\n\t\t<div class=\"ngg-gallery-thumbnail\" >\n\t\t\t<a href=\"https:\/\/www.palkehitised.ee\/muuk2018\/P3159095.JPG\"\n\t\t\t\ttitle=\" \"\n\t\t\t\t data-image-id=\"2058\" data-src=\"https:\/\/www.palkehitised.ee\/muuk2018\/P3159095.JPG\" data-thumbnail=\"https:\/\/www.palkehitised.ee\/muuk2018\/cache\/P3159095.JPG-nggid042058-ngg0dyn-100x75x100-00f0w010c011r110f110r010t010.JPG\" data-title=\"P3159095\" data-description=\" \" >\n\t\t\t\t\t\t\t\t<img title=\"P3159095\" alt=\"P3159095\" src=\"https:\/\/www.palkehitised.ee\/muuk2018\/cache\/P3159095.JPG-nggid042058-ngg0dyn-100x75x100-00f0w010c011r110f110r010t010.JPG\" width='100' height='75' \/>\n\t\t\t\t\t\t\t<\/a>\n\t\t<\/div>\n\t<\/div>\n\n\t\t\t\t\t\t\t\t\t\n\t\t\n\t<div id=\"ngg-image-2059\" class=\"ngg-gallery-thumbnail-box\"  >\n\t\t<div class=\"ngg-gallery-thumbnail\" >\n\t\t\t<a href=\"https:\/\/www.palkehitised.ee\/muuk2018\/P3159103.JPG\"\n\t\t\t\ttitle=\" \"\n\t\t\t\t data-image-id=\"2059\" data-src=\"https:\/\/www.palkehitised.ee\/muuk2018\/P3159103.JPG\" data-thumbnail=\"https:\/\/www.palkehitised.ee\/muuk2018\/cache\/P3159103.JPG-nggid042059-ngg0dyn-100x75x100-00f0w010c011r110f110r010t010.JPG\" data-title=\"P3159103\" data-description=\" \" >\n\t\t\t\t\t\t\t\t<img title=\"P3159103\" alt=\"P3159103\" src=\"https:\/\/www.palkehitised.ee\/muuk2018\/cache\/P3159103.JPG-nggid042059-ngg0dyn-100x75x100-00f0w010c011r110f110r010t010.JPG\" width='100' height='75' \/>\n\t\t\t\t\t\t\t<\/a>\n\t\t<\/div>\n\t<\/div>\n\n\t\t\t\t\t\t\t\t\t\n\t\t\n\t<div id=\"ngg-image-2060\" class=\"ngg-gallery-thumbnail-box\"  >\n\t\t<div class=\"ngg-gallery-thumbnail\" >\n\t\t\t<a href=\"https:\/\/www.palkehitised.ee\/muuk2018\/P3159104.JPG\"\n\t\t\t\ttitle=\" \"\n\t\t\t\t data-image-id=\"2060\" data-src=\"https:\/\/www.palkehitised.ee\/muuk2018\/P3159104.JPG\" data-thumbnail=\"https:\/\/www.palkehitised.ee\/muuk2018\/cache\/P3159104.JPG-nggid042060-ngg0dyn-100x75x100-00f0w010c011r110f110r010t010.JPG\" data-title=\"P3159104\" data-description=\" \" >\n\t\t\t\t\t\t\t\t<img title=\"P3159104\" alt=\"P3159104\" src=\"https:\/\/www.palkehitised.ee\/muuk2018\/cache\/P3159104.JPG-nggid042060-ngg0dyn-100x75x100-00f0w010c011r110f110r010t010.JPG\" width='100' height='75' \/>\n\t\t\t\t\t\t\t<\/a>\n\t\t<\/div>\n\t<\/div>\n\n\t\t\t\t\t\t\t\t\t\n\t\t\n\t<div id=\"ngg-image-2061\" class=\"ngg-gallery-thumbnail-box\"  >\n\t\t<div class=\"ngg-gallery-thumbnail\" >\n\t\t\t<a href=\"https:\/\/www.palkehitised.ee\/muuk2018\/P3159105.JPG\"\n\t\t\t\ttitle=\" \"\n\t\t\t\t data-image-id=\"2061\" data-src=\"https:\/\/www.palkehitised.ee\/muuk2018\/P3159105.JPG\" data-thumbnail=\"https:\/\/www.palkehitised.ee\/muuk2018\/cache\/P3159105.JPG-nggid042061-ngg0dyn-100x75x100-00f0w010c011r110f110r010t010.JPG\" data-title=\"P3159105\" data-description=\" \" >\n\t\t\t\t\t\t\t\t<img title=\"P3159105\" alt=\"P3159105\" src=\"https:\/\/www.palkehitised.ee\/muuk2018\/cache\/P3159105.JPG-nggid042061-ngg0dyn-100x75x100-00f0w010c011r110f110r010t010.JPG\" width='100' height='75' \/>\n\t\t\t\t\t\t\t<\/a>\n\t\t<\/div>\n\t<\/div>\n\n\t\t\t\t\t\t\t\t\t\n\t\t\n\t<div id=\"ngg-image-2062\" class=\"ngg-gallery-thumbnail-box\"  >\n\t\t<div class=\"ngg-gallery-thumbnail\" >\n\t\t\t<a href=\"https:\/\/www.palkehitised.ee\/muuk2018\/P3159106.JPG\"\n\t\t\t\ttitle=\" \"\n\t\t\t\t data-image-id=\"2062\" data-src=\"https:\/\/www.palkehitised.ee\/muuk2018\/P3159106.JPG\" data-thumbnail=\"https:\/\/www.palkehitised.ee\/muuk2018\/cache\/P3159106.JPG-nggid042062-ngg0dyn-100x75x100-00f0w010c011r110f110r010t010.JPG\" data-title=\"P3159106\" data-description=\" \" >\n\t\t\t\t\t\t\t\t<img title=\"P3159106\" alt=\"P3159106\" src=\"https:\/\/www.palkehitised.ee\/muuk2018\/cache\/P3159106.JPG-nggid042062-ngg0dyn-100x75x100-00f0w010c011r110f110r010t010.JPG\" width='100' height='75' \/>\n\t\t\t\t\t\t\t<\/a>\n\t\t<\/div>\n\t<\/div>\n\n\t\t\t\t\t\t\t\t\t\n\t\t\n\t<!-- Pagination -->\n\t\t<div class='ngg-clear'><\/div>\t\n<\/div>\n\n\t\n","protected":false},"excerpt":{"rendered":"<p>TARJOUS GRILLITALO 5x5m 5x5m pind\u00e4 K\u00e4sit\u00fc\u00f6 hirsi, pelkahirsi, diameter min 28 cm.&nbsp; M\u00e4nty, kuiva POST &amp; BEAM&nbsp; Hirsip\u00f6\u00fcda&nbsp; Kattotuolit NB! Teemme hyv\u00e4n tarjouksen<\/p>\n","protected":false},"author":2,"featured_media":4223,"parent":626,"menu_order":0,"comment_status":"closed","ping_status":"closed","template":"","meta":{"ngg_post_thumbnail":0,"footnotes":""},"_links":{"self":[{"href":"https:\/\/www.palkehitised.ee\/fi\/wp-json\/wp\/v2\/pages\/4231"}],"collection":[{"href":"https:\/\/www.palkehitised.ee\/fi\/wp-json\/wp\/v2\/pages"}],"about":[{"href":"https:\/\/www.palkehitised.ee\/fi\/wp-json\/wp\/v2\/types\/page"}],"author":[{"embeddable":true,"href":"https:\/\/www.palkehitised.ee\/fi\/wp-json\/wp\/v2\/users\/2"}],"replies":[{"embeddable":true,"href":"https:\/\/www.palkehitised.ee\/fi\/wp-json\/wp\/v2\/comments?post=4231"}],"version-history":[{"count":3,"href":"https:\/\/www.palkehitised.ee\/fi\/wp-json\/wp\/v2\/pages\/4231\/revisions"}],"predecessor-version":[{"id":4316,"href":"https:\/\/www.palkehitised.ee\/fi\/wp-json\/wp\/v2\/pages\/4231\/revisions\/4316"}],"up":[{"embeddable":true,"href":"https:\/\/www.palkehitised.ee\/fi\/wp-json\/wp\/v2\/pages\/626"}],"wp:featuredmedia":[{"embeddable":true,"href":"https:\/\/www.palkehitised.ee\/fi\/wp-json\/wp\/v2\/media\/4223"}],"wp:attachment":[{"href":"https:\/\/www.palkehitised.ee\/fi\/wp-json\/wp\/v2\/media?parent=4231"}],"curies":[{"name":"wp","href":"https:\/\/api.w.org\/{rel}","templated":true}]}}