{"id":638,"date":"2012-11-04T21:39:00","date_gmt":"2012-11-04T21:39:00","guid":{"rendered":"http:\/\/www.palkehitised.ee\/?page_id=638"},"modified":"2025-10-07T12:22:02","modified_gmt":"2025-10-07T12:22:02","slug":"kontakt","status":"publish","type":"page","link":"https:\/\/www.palkehitised.ee\/de\/kontakt\/","title":{"rendered":"Kontakt"},"content":{"rendered":"<p>&nbsp;<\/p>\n<table style=\"height: 590px;\" width=\"737\">\n<tbody>\n<tr>\n<td><strong><strong>Gesch\u00e4ftsf\u00fchrer<\/strong><br \/>\n<\/strong><strong><em>Janek Sakkis<br \/>\n<\/em><\/strong>Skandinavian Blockh\u00e4user CNC gemacht, Naturstamm Balkenteilen Produktion, Verkauf, Zeichnungen<br \/>\nTel: +372 51 86 818<br \/>\n<a href=\"janek@palkehitised.ee\">janek@palkehitised.ee<\/a><\/td>\n<\/tr>\n<tr>\n<td>&nbsp;<\/p>\n<tr>\n<td><strong>OFFICE:<\/strong><br \/> Valga mnt 12, 67403, <br \/>Otep\u00e4\u00e4 (Tehvandi Skistadion tribune box 324), Estland<\/td>\n<tr>\n&nbsp;<\/td>\n<td>&nbsp;<\/td>\n<\/tr>\n<tr>\n<td colspan=\"2\">&nbsp;<\/p>\n<p><strong><strong>Informationen<\/strong>:<\/strong><br \/>\n<a href=\"www.palkehitised.ee\">www.palkehitised.ee<\/a> <a href=\"http:\/\/www.palklaud.ee\">www.palklaud.ee<\/a> <a href=\"http:\/\/www.skandinavianhaus.eu\">www.skandinavianhaus.eu<\/a><br \/>\n<a href=\"http:\/\/janekpalkehitised.ee\">janek@palkehitised.ee<\/a><br \/>\nTelefon: +372 5186818<br \/>\nEintragungsnummer: 12120301<br \/>\nAngaben im Register f\u00fcr Wirtschaftst\u00e4tigkeit: Baut\u00e4tigkeit&nbsp;&#8211; EEH005689 seit&nbsp;01.07.2011<\/td>\n<\/tr>\n<\/tbody>\n<\/table>\n<div style=\"float: left; width: 380px;\">\n<div class=\"wpcf7 no-js\" id=\"wpcf7-f959-o1\" lang=\"en-US\" dir=\"ltr\">\n<div class=\"screen-reader-response\"><p role=\"status\" aria-live=\"polite\" aria-atomic=\"true\"><\/p> <ul><\/ul><\/div>\n<form action=\"\/de\/wp-json\/wp\/v2\/pages\/638#wpcf7-f959-o1\" method=\"post\" class=\"wpcf7-form init\" aria-label=\"Contact form\" novalidate=\"novalidate\" data-status=\"init\">\n<div style=\"display: none;\">\n<input type=\"hidden\" name=\"_wpcf7\" value=\"959\" \/>\n<input type=\"hidden\" name=\"_wpcf7_version\" value=\"5.9.3\" \/>\n<input type=\"hidden\" name=\"_wpcf7_locale\" value=\"en_US\" \/>\n<input type=\"hidden\" name=\"_wpcf7_unit_tag\" value=\"wpcf7-f959-o1\" \/>\n<input type=\"hidden\" name=\"_wpcf7_container_post\" value=\"0\" \/>\n<input type=\"hidden\" name=\"_wpcf7_posted_data_hash\" value=\"\" \/>\n<\/div>\n<p>Name *\n<\/p>\n<p><span class=\"wpcf7-form-control-wrap\" data-name=\"pe-name\"><input size=\"40\" class=\"wpcf7-form-control wpcf7-text wpcf7-validates-as-required\" aria-required=\"true\" aria-invalid=\"false\" value=\"\" type=\"text\" name=\"pe-name\" \/><\/span>\n<\/p>\n<p>Ihre E-Mail-Adresse *\n<\/p>\n<p><span class=\"wpcf7-form-control-wrap\" data-name=\"pe-email\"><input size=\"40\" class=\"wpcf7-form-control wpcf7-email wpcf7-validates-as-required wpcf7-text wpcf7-validates-as-email\" aria-required=\"true\" aria-invalid=\"false\" value=\"\" type=\"email\" name=\"pe-email\" \/><\/span>\n<\/p>\n<p>Nachricht\n<\/p>\n<p><span class=\"wpcf7-form-control-wrap\" data-name=\"pe-message\"><textarea cols=\"40\" rows=\"10\" class=\"wpcf7-form-control wpcf7-textarea\" aria-invalid=\"false\" name=\"pe-message\"><\/textarea><\/span>\n<\/p>\n<p><input class=\"wpcf7-form-control wpcf7-submit has-spinner\" type=\"submit\" value=\"Senden\" \/>\n<\/p><div class=\"wpcf7-response-output\" aria-hidden=\"true\"><\/div>\n<\/form>\n<\/div>\n<\/div>\n","protected":false},"excerpt":{"rendered":"<p>&nbsp; Gesch\u00e4ftsf\u00fchrer Janek Sakkis Skandinavian Blockh\u00e4user CNC gemacht, Naturstamm Balkenteilen Produktion, Verkauf, Zeichnungen Tel: +372 51 86 818 janek@palkehitised.ee &nbsp; OFFICE: Valga mnt 12, 67403, Otep\u00e4\u00e4 (Tehvandi Skistadion tribune box 324), Estland &nbsp; &nbsp; &nbsp; Informationen: www.palkehitised.ee www.palklaud.ee www.skandinavianhaus.eu janek@palkehitised.ee &hellip; <a href=\"https:\/\/www.palkehitised.ee\/de\/kontakt\/\">Continue reading <span class=\"meta-nav\">&rarr;<\/span><\/a><\/p>\n","protected":false},"author":1,"featured_media":0,"parent":0,"menu_order":0,"comment_status":"open","ping_status":"open","template":"full.php","meta":{"ngg_post_thumbnail":0,"footnotes":""},"_links":{"self":[{"href":"https:\/\/www.palkehitised.ee\/de\/wp-json\/wp\/v2\/pages\/638"}],"collection":[{"href":"https:\/\/www.palkehitised.ee\/de\/wp-json\/wp\/v2\/pages"}],"about":[{"href":"https:\/\/www.palkehitised.ee\/de\/wp-json\/wp\/v2\/types\/page"}],"author":[{"embeddable":true,"href":"https:\/\/www.palkehitised.ee\/de\/wp-json\/wp\/v2\/users\/1"}],"replies":[{"embeddable":true,"href":"https:\/\/www.palkehitised.ee\/de\/wp-json\/wp\/v2\/comments?post=638"}],"version-history":[{"count":17,"href":"https:\/\/www.palkehitised.ee\/de\/wp-json\/wp\/v2\/pages\/638\/revisions"}],"predecessor-version":[{"id":7156,"href":"https:\/\/www.palkehitised.ee\/de\/wp-json\/wp\/v2\/pages\/638\/revisions\/7156"}],"wp:attachment":[{"href":"https:\/\/www.palkehitised.ee\/de\/wp-json\/wp\/v2\/media?parent=638"}],"curies":[{"name":"wp","href":"https:\/\/api.w.org\/{rel}","templated":true}]}}