{"id":611,"date":"2012-11-04T21:15:32","date_gmt":"2012-11-04T21:15:32","guid":{"rendered":"http:\/\/www.palkehitised.ee\/?page_id=611"},"modified":"2012-11-04T21:15:32","modified_gmt":"2012-11-04T21:15:32","slug":"blockhausprojekte","status":"publish","type":"page","link":"https:\/\/www.palkehitised.ee\/de\/blockhausprojekte\/","title":{"rendered":"Blockhausprojekte"},"content":{"rendered":"<p>Hier k\u00f6nnen Sie Projekte f\u00fcr einige von uns gebauten Blockh\u00e4user sehen.<\/p>\n\n<div class=\"ngg-galleryoverview\" id=\"ngg-gallery-2b6ad7504eb83d92c929fb382e8c59d0-611\">\n\n\t\t\t<!-- Slideshow link -->\n\t<div class=\"slideshowlink\">\n\t\t<a class=\"slideshowlink\" href=\"https:\/\/www.palkehitised.ee\/de\/blockhausprojekte\/nggallery\/slideshow\">\n\t\t\t[Show as slideshow]\t\t<\/a>\n\t<\/div>\n\n\t<!-- Thumbnails -->\n\t\t\t\t\t\n\t<div id=\"ngg-image-130\" class=\"ngg-gallery-thumbnail-box\"  >\n\t\t<div class=\"ngg-gallery-thumbnail\" >\n\t\t\t<a href=\"https:\/\/www.palkehitised.ee\/wp-content\/gallery\/palkmaja-projektid\/1-sauna-2012.jpg\"\n\t\t\t\ttitle=\" \"\n\t\t\t\t data-image-id=\"130\" data-src=\"https:\/\/www.palkehitised.ee\/wp-content\/gallery\/palkmaja-projektid\/1-sauna-2012.jpg\" data-thumbnail=\"https:\/\/www.palkehitised.ee\/wp-content\/gallery\/palkmaja-projektid\/cache\/1-sauna-2012.jpg-nggid03130-ngg0dyn-100x75x100-00f0w010c011r110f110r010t010.jpg\" data-title=\"1-sauna-2012\" data-description=\" \" >\n\t\t\t\t\t\t\t\t<img title=\"1-sauna-2012\" alt=\"1-sauna-2012\" src=\"https:\/\/www.palkehitised.ee\/wp-content\/gallery\/palkmaja-projektid\/cache\/1-sauna-2012.jpg-nggid03130-ngg0dyn-100x75x100-00f0w010c011r110f110r010t010.jpg\" width='100' height='75' \/>\n\t\t\t\t\t\t\t<\/a>\n\t\t<\/div>\n\t<\/div>\n\n\t\t\t\t\t\t\t\t\t\n\t\t\n\t<div id=\"ngg-image-131\" class=\"ngg-gallery-thumbnail-box\"  >\n\t\t<div class=\"ngg-gallery-thumbnail\" >\n\t\t\t<a href=\"https:\/\/www.palkehitised.ee\/wp-content\/gallery\/palkmaja-projektid\/10-limo.jpg\"\n\t\t\t\ttitle=\" \"\n\t\t\t\t data-image-id=\"131\" data-src=\"https:\/\/www.palkehitised.ee\/wp-content\/gallery\/palkmaja-projektid\/10-limo.jpg\" data-thumbnail=\"https:\/\/www.palkehitised.ee\/wp-content\/gallery\/palkmaja-projektid\/cache\/10-limo.jpg-nggid03131-ngg0dyn-100x75x100-00f0w010c011r110f110r010t010.jpg\" data-title=\"10-limo\" data-description=\" \" >\n\t\t\t\t\t\t\t\t<img title=\"10-limo\" alt=\"10-limo\" src=\"https:\/\/www.palkehitised.ee\/wp-content\/gallery\/palkmaja-projektid\/cache\/10-limo.jpg-nggid03131-ngg0dyn-100x75x100-00f0w010c011r110f110r010t010.jpg\" width='100' height='75' \/>\n\t\t\t\t\t\t\t<\/a>\n\t\t<\/div>\n\t<\/div>\n\n\t\t\t\t\t\t\t\t\t\n\t\t\n\t<div id=\"ngg-image-132\" class=\"ngg-gallery-thumbnail-box\"  >\n\t\t<div class=\"ngg-gallery-thumbnail\" >\n\t\t\t<a href=\"https:\/\/www.palkehitised.ee\/wp-content\/gallery\/palkmaja-projektid\/11-heret.jpg\"\n\t\t\t\ttitle=\" \"\n\t\t\t\t data-image-id=\"132\" data-src=\"https:\/\/www.palkehitised.ee\/wp-content\/gallery\/palkmaja-projektid\/11-heret.jpg\" data-thumbnail=\"https:\/\/www.palkehitised.ee\/wp-content\/gallery\/palkmaja-projektid\/cache\/11-heret.jpg-nggid03132-ngg0dyn-100x75x100-00f0w010c011r110f110r010t010.jpg\" data-title=\"11-heret\" data-description=\" \" >\n\t\t\t\t\t\t\t\t<img title=\"11-heret\" alt=\"11-heret\" src=\"https:\/\/www.palkehitised.ee\/wp-content\/gallery\/palkmaja-projektid\/cache\/11-heret.jpg-nggid03132-ngg0dyn-100x75x100-00f0w010c011r110f110r010t010.jpg\" width='100' height='75' \/>\n\t\t\t\t\t\t\t<\/a>\n\t\t<\/div>\n\t<\/div>\n\n\t\t\t\t\t\t\t\t\t\n\t\t\n\t<div id=\"ngg-image-133\" class=\"ngg-gallery-thumbnail-box\"  >\n\t\t<div class=\"ngg-gallery-thumbnail\" >\n\t\t\t<a href=\"https:\/\/www.palkehitised.ee\/wp-content\/gallery\/palkmaja-projektid\/12-ristiina.jpg\"\n\t\t\t\ttitle=\" \"\n\t\t\t\t data-image-id=\"133\" data-src=\"https:\/\/www.palkehitised.ee\/wp-content\/gallery\/palkmaja-projektid\/12-ristiina.jpg\" data-thumbnail=\"https:\/\/www.palkehitised.ee\/wp-content\/gallery\/palkmaja-projektid\/cache\/12-ristiina.jpg-nggid03133-ngg0dyn-100x75x100-00f0w010c011r110f110r010t010.jpg\" data-title=\"12-ristiina\" data-description=\" \" >\n\t\t\t\t\t\t\t\t<img title=\"12-ristiina\" alt=\"12-ristiina\" src=\"https:\/\/www.palkehitised.ee\/wp-content\/gallery\/palkmaja-projektid\/cache\/12-ristiina.jpg-nggid03133-ngg0dyn-100x75x100-00f0w010c011r110f110r010t010.jpg\" width='100' height='75' \/>\n\t\t\t\t\t\t\t<\/a>\n\t\t<\/div>\n\t<\/div>\n\n\t\t\t\t\t\t\t\t\t\n\t\t\n\t<div id=\"ngg-image-134\" class=\"ngg-gallery-thumbnail-box\"  >\n\t\t<div class=\"ngg-gallery-thumbnail\" >\n\t\t\t<a href=\"https:\/\/www.palkehitised.ee\/wp-content\/gallery\/palkmaja-projektid\/13-korve.jpg\"\n\t\t\t\ttitle=\" \"\n\t\t\t\t data-image-id=\"134\" data-src=\"https:\/\/www.palkehitised.ee\/wp-content\/gallery\/palkmaja-projektid\/13-korve.jpg\" data-thumbnail=\"https:\/\/www.palkehitised.ee\/wp-content\/gallery\/palkmaja-projektid\/cache\/13-korve.jpg-nggid03134-ngg0dyn-100x75x100-00f0w010c011r110f110r010t010.jpg\" data-title=\"13-korve\" data-description=\" \" >\n\t\t\t\t\t\t\t\t<img title=\"13-korve\" alt=\"13-korve\" src=\"https:\/\/www.palkehitised.ee\/wp-content\/gallery\/palkmaja-projektid\/cache\/13-korve.jpg-nggid03134-ngg0dyn-100x75x100-00f0w010c011r110f110r010t010.jpg\" width='100' height='75' \/>\n\t\t\t\t\t\t\t<\/a>\n\t\t<\/div>\n\t<\/div>\n\n\t\t\t\t\t\t\t\t\t\n\t\t\n\t<div id=\"ngg-image-135\" class=\"ngg-gallery-thumbnail-box\"  >\n\t\t<div class=\"ngg-gallery-thumbnail\" >\n\t\t\t<a href=\"https:\/\/www.palkehitised.ee\/wp-content\/gallery\/palkmaja-projektid\/14-arne.jpg\"\n\t\t\t\ttitle=\" \"\n\t\t\t\t data-image-id=\"135\" data-src=\"https:\/\/www.palkehitised.ee\/wp-content\/gallery\/palkmaja-projektid\/14-arne.jpg\" data-thumbnail=\"https:\/\/www.palkehitised.ee\/wp-content\/gallery\/palkmaja-projektid\/cache\/14-arne.jpg-nggid03135-ngg0dyn-100x75x100-00f0w010c011r110f110r010t010.jpg\" data-title=\"14-arne\" data-description=\" \" >\n\t\t\t\t\t\t\t\t<img title=\"14-arne\" alt=\"14-arne\" src=\"https:\/\/www.palkehitised.ee\/wp-content\/gallery\/palkmaja-projektid\/cache\/14-arne.jpg-nggid03135-ngg0dyn-100x75x100-00f0w010c011r110f110r010t010.jpg\" width='100' height='75' \/>\n\t\t\t\t\t\t\t<\/a>\n\t\t<\/div>\n\t<\/div>\n\n\t\t\t\t\t\t\t\t\t\n\t\t\n\t<div id=\"ngg-image-136\" class=\"ngg-gallery-thumbnail-box\"  >\n\t\t<div class=\"ngg-gallery-thumbnail\" >\n\t\t\t<a href=\"https:\/\/www.palkehitised.ee\/wp-content\/gallery\/palkmaja-projektid\/15-mikkeli.jpg\"\n\t\t\t\ttitle=\" \"\n\t\t\t\t data-image-id=\"136\" data-src=\"https:\/\/www.palkehitised.ee\/wp-content\/gallery\/palkmaja-projektid\/15-mikkeli.jpg\" data-thumbnail=\"https:\/\/www.palkehitised.ee\/wp-content\/gallery\/palkmaja-projektid\/cache\/15-mikkeli.jpg-nggid03136-ngg0dyn-100x75x100-00f0w010c011r110f110r010t010.jpg\" data-title=\"15-mikkeli\" data-description=\" \" >\n\t\t\t\t\t\t\t\t<img title=\"15-mikkeli\" alt=\"15-mikkeli\" src=\"https:\/\/www.palkehitised.ee\/wp-content\/gallery\/palkmaja-projektid\/cache\/15-mikkeli.jpg-nggid03136-ngg0dyn-100x75x100-00f0w010c011r110f110r010t010.jpg\" width='100' height='75' \/>\n\t\t\t\t\t\t\t<\/a>\n\t\t<\/div>\n\t<\/div>\n\n\t\t\t\t\t\t\t\t\t\n\t\t\n\t<div id=\"ngg-image-137\" class=\"ngg-gallery-thumbnail-box\"  >\n\t\t<div class=\"ngg-gallery-thumbnail\" >\n\t\t\t<a href=\"https:\/\/www.palkehitised.ee\/wp-content\/gallery\/palkmaja-projektid\/16-saare-maja.jpg\"\n\t\t\t\ttitle=\" \"\n\t\t\t\t data-image-id=\"137\" data-src=\"https:\/\/www.palkehitised.ee\/wp-content\/gallery\/palkmaja-projektid\/16-saare-maja.jpg\" data-thumbnail=\"https:\/\/www.palkehitised.ee\/wp-content\/gallery\/palkmaja-projektid\/cache\/16-saare-maja.jpg-nggid03137-ngg0dyn-100x75x100-00f0w010c011r110f110r010t010.jpg\" data-title=\"16-saare-maja\" data-description=\" \" >\n\t\t\t\t\t\t\t\t<img title=\"16-saare-maja\" alt=\"16-saare-maja\" src=\"https:\/\/www.palkehitised.ee\/wp-content\/gallery\/palkmaja-projektid\/cache\/16-saare-maja.jpg-nggid03137-ngg0dyn-100x75x100-00f0w010c011r110f110r010t010.jpg\" width='100' height='75' \/>\n\t\t\t\t\t\t\t<\/a>\n\t\t<\/div>\n\t<\/div>\n\n\t\t\t\t\t\t\t\t\t\n\t\t\n\t<div id=\"ngg-image-138\" class=\"ngg-gallery-thumbnail-box\"  >\n\t\t<div class=\"ngg-gallery-thumbnail\" >\n\t\t\t<a href=\"https:\/\/www.palkehitised.ee\/wp-content\/gallery\/palkmaja-projektid\/17-pihlaka.jpg\"\n\t\t\t\ttitle=\" \"\n\t\t\t\t data-image-id=\"138\" data-src=\"https:\/\/www.palkehitised.ee\/wp-content\/gallery\/palkmaja-projektid\/17-pihlaka.jpg\" data-thumbnail=\"https:\/\/www.palkehitised.ee\/wp-content\/gallery\/palkmaja-projektid\/cache\/17-pihlaka.jpg-nggid03138-ngg0dyn-100x75x100-00f0w010c011r110f110r010t010.jpg\" data-title=\"17-pihlaka\" data-description=\" \" >\n\t\t\t\t\t\t\t\t<img title=\"17-pihlaka\" alt=\"17-pihlaka\" src=\"https:\/\/www.palkehitised.ee\/wp-content\/gallery\/palkmaja-projektid\/cache\/17-pihlaka.jpg-nggid03138-ngg0dyn-100x75x100-00f0w010c011r110f110r010t010.jpg\" width='100' height='75' \/>\n\t\t\t\t\t\t\t<\/a>\n\t\t<\/div>\n\t<\/div>\n\n\t\t\t\t\t\t\t\t\t\n\t\t\n\t<div id=\"ngg-image-139\" class=\"ngg-gallery-thumbnail-box\"  >\n\t\t<div class=\"ngg-gallery-thumbnail\" >\n\t\t\t<a href=\"https:\/\/www.palkehitised.ee\/wp-content\/gallery\/palkmaja-projektid\/18-toosikannu-ait.jpg\"\n\t\t\t\ttitle=\" \"\n\t\t\t\t data-image-id=\"139\" data-src=\"https:\/\/www.palkehitised.ee\/wp-content\/gallery\/palkmaja-projektid\/18-toosikannu-ait.jpg\" data-thumbnail=\"https:\/\/www.palkehitised.ee\/wp-content\/gallery\/palkmaja-projektid\/cache\/18-toosikannu-ait.jpg-nggid03139-ngg0dyn-100x75x100-00f0w010c011r110f110r010t010.jpg\" data-title=\"18-toosikannu-ait\" data-description=\" \" >\n\t\t\t\t\t\t\t\t<img title=\"18-toosikannu-ait\" alt=\"18-toosikannu-ait\" src=\"https:\/\/www.palkehitised.ee\/wp-content\/gallery\/palkmaja-projektid\/cache\/18-toosikannu-ait.jpg-nggid03139-ngg0dyn-100x75x100-00f0w010c011r110f110r010t010.jpg\" width='100' height='75' \/>\n\t\t\t\t\t\t\t<\/a>\n\t\t<\/div>\n\t<\/div>\n\n\t\t\t\t\t\t\t\t\t\n\t\t\n\t<div id=\"ngg-image-140\" class=\"ngg-gallery-thumbnail-box\"  >\n\t\t<div class=\"ngg-gallery-thumbnail\" >\n\t\t\t<a href=\"https:\/\/www.palkehitised.ee\/wp-content\/gallery\/palkmaja-projektid\/19-salajoe.jpg\"\n\t\t\t\ttitle=\" \"\n\t\t\t\t data-image-id=\"140\" data-src=\"https:\/\/www.palkehitised.ee\/wp-content\/gallery\/palkmaja-projektid\/19-salajoe.jpg\" data-thumbnail=\"https:\/\/www.palkehitised.ee\/wp-content\/gallery\/palkmaja-projektid\/cache\/19-salajoe.jpg-nggid03140-ngg0dyn-100x75x100-00f0w010c011r110f110r010t010.jpg\" data-title=\"19-salajoe\" data-description=\" \" >\n\t\t\t\t\t\t\t\t<img title=\"19-salajoe\" alt=\"19-salajoe\" src=\"https:\/\/www.palkehitised.ee\/wp-content\/gallery\/palkmaja-projektid\/cache\/19-salajoe.jpg-nggid03140-ngg0dyn-100x75x100-00f0w010c011r110f110r010t010.jpg\" width='100' height='75' \/>\n\t\t\t\t\t\t\t<\/a>\n\t\t<\/div>\n\t<\/div>\n\n\t\t\t\t\t\t\t\t\t\n\t\t\n\t<div id=\"ngg-image-141\" class=\"ngg-gallery-thumbnail-box\"  >\n\t\t<div class=\"ngg-gallery-thumbnail\" >\n\t\t\t<a href=\"https:\/\/www.palkehitised.ee\/wp-content\/gallery\/palkmaja-projektid\/2-haki.jpg\"\n\t\t\t\ttitle=\" \"\n\t\t\t\t data-image-id=\"141\" data-src=\"https:\/\/www.palkehitised.ee\/wp-content\/gallery\/palkmaja-projektid\/2-haki.jpg\" data-thumbnail=\"https:\/\/www.palkehitised.ee\/wp-content\/gallery\/palkmaja-projektid\/cache\/2-haki.jpg-nggid03141-ngg0dyn-100x75x100-00f0w010c011r110f110r010t010.jpg\" data-title=\"2-haki\" data-description=\" \" >\n\t\t\t\t\t\t\t\t<img title=\"2-haki\" alt=\"2-haki\" src=\"https:\/\/www.palkehitised.ee\/wp-content\/gallery\/palkmaja-projektid\/cache\/2-haki.jpg-nggid03141-ngg0dyn-100x75x100-00f0w010c011r110f110r010t010.jpg\" width='100' height='75' \/>\n\t\t\t\t\t\t\t<\/a>\n\t\t<\/div>\n\t<\/div>\n\n\t\t\t\t\t\t\t\t\t\n\t\t\n\t<div id=\"ngg-image-142\" class=\"ngg-gallery-thumbnail-box\"  >\n\t\t<div class=\"ngg-gallery-thumbnail\" >\n\t\t\t<a href=\"https:\/\/www.palkehitised.ee\/wp-content\/gallery\/palkmaja-projektid\/20-meremae.jpg\"\n\t\t\t\ttitle=\" \"\n\t\t\t\t data-image-id=\"142\" data-src=\"https:\/\/www.palkehitised.ee\/wp-content\/gallery\/palkmaja-projektid\/20-meremae.jpg\" data-thumbnail=\"https:\/\/www.palkehitised.ee\/wp-content\/gallery\/palkmaja-projektid\/cache\/20-meremae.jpg-nggid03142-ngg0dyn-100x75x100-00f0w010c011r110f110r010t010.jpg\" data-title=\"20-meremae\" data-description=\" \" >\n\t\t\t\t\t\t\t\t<img title=\"20-meremae\" alt=\"20-meremae\" src=\"https:\/\/www.palkehitised.ee\/wp-content\/gallery\/palkmaja-projektid\/cache\/20-meremae.jpg-nggid03142-ngg0dyn-100x75x100-00f0w010c011r110f110r010t010.jpg\" width='100' height='75' \/>\n\t\t\t\t\t\t\t<\/a>\n\t\t<\/div>\n\t<\/div>\n\n\t\t\t\t\t\t\t\t\t\n\t\t\n\t<div id=\"ngg-image-143\" class=\"ngg-gallery-thumbnail-box\"  >\n\t\t<div class=\"ngg-gallery-thumbnail\" >\n\t\t\t<a href=\"https:\/\/www.palkehitised.ee\/wp-content\/gallery\/palkmaja-projektid\/3-m-ii.jpg\"\n\t\t\t\ttitle=\" \"\n\t\t\t\t data-image-id=\"143\" data-src=\"https:\/\/www.palkehitised.ee\/wp-content\/gallery\/palkmaja-projektid\/3-m-ii.jpg\" data-thumbnail=\"https:\/\/www.palkehitised.ee\/wp-content\/gallery\/palkmaja-projektid\/cache\/3-m-ii.jpg-nggid03143-ngg0dyn-100x75x100-00f0w010c011r110f110r010t010.jpg\" data-title=\"3-m-ii\" data-description=\" \" >\n\t\t\t\t\t\t\t\t<img title=\"3-m-ii\" alt=\"3-m-ii\" src=\"https:\/\/www.palkehitised.ee\/wp-content\/gallery\/palkmaja-projektid\/cache\/3-m-ii.jpg-nggid03143-ngg0dyn-100x75x100-00f0w010c011r110f110r010t010.jpg\" width='100' height='75' \/>\n\t\t\t\t\t\t\t<\/a>\n\t\t<\/div>\n\t<\/div>\n\n\t\t\t\t\t\t\t\t\t\n\t\t\n\t<div id=\"ngg-image-144\" class=\"ngg-gallery-thumbnail-box\"  >\n\t\t<div class=\"ngg-gallery-thumbnail\" >\n\t\t\t<a href=\"https:\/\/www.palkehitised.ee\/wp-content\/gallery\/palkmaja-projektid\/4-joonas.jpg\"\n\t\t\t\ttitle=\" \"\n\t\t\t\t data-image-id=\"144\" data-src=\"https:\/\/www.palkehitised.ee\/wp-content\/gallery\/palkmaja-projektid\/4-joonas.jpg\" data-thumbnail=\"https:\/\/www.palkehitised.ee\/wp-content\/gallery\/palkmaja-projektid\/cache\/4-joonas.jpg-nggid03144-ngg0dyn-100x75x100-00f0w010c011r110f110r010t010.jpg\" data-title=\"4-joonas\" data-description=\" \" >\n\t\t\t\t\t\t\t\t<img title=\"4-joonas\" alt=\"4-joonas\" src=\"https:\/\/www.palkehitised.ee\/wp-content\/gallery\/palkmaja-projektid\/cache\/4-joonas.jpg-nggid03144-ngg0dyn-100x75x100-00f0w010c011r110f110r010t010.jpg\" width='100' height='75' \/>\n\t\t\t\t\t\t\t<\/a>\n\t\t<\/div>\n\t<\/div>\n\n\t\t\t\t\t\t\t\t\t\n\t\t\n\t<div id=\"ngg-image-145\" class=\"ngg-gallery-thumbnail-box\"  >\n\t\t<div class=\"ngg-gallery-thumbnail\" >\n\t\t\t<a href=\"https:\/\/www.palkehitised.ee\/wp-content\/gallery\/palkmaja-projektid\/5-toosisaun.jpg\"\n\t\t\t\ttitle=\" \"\n\t\t\t\t data-image-id=\"145\" data-src=\"https:\/\/www.palkehitised.ee\/wp-content\/gallery\/palkmaja-projektid\/5-toosisaun.jpg\" data-thumbnail=\"https:\/\/www.palkehitised.ee\/wp-content\/gallery\/palkmaja-projektid\/cache\/5-toosisaun.jpg-nggid03145-ngg0dyn-100x75x100-00f0w010c011r110f110r010t010.jpg\" data-title=\"5-toosisaun\" data-description=\" \" >\n\t\t\t\t\t\t\t\t<img title=\"5-toosisaun\" alt=\"5-toosisaun\" src=\"https:\/\/www.palkehitised.ee\/wp-content\/gallery\/palkmaja-projektid\/cache\/5-toosisaun.jpg-nggid03145-ngg0dyn-100x75x100-00f0w010c011r110f110r010t010.jpg\" width='100' height='75' \/>\n\t\t\t\t\t\t\t<\/a>\n\t\t<\/div>\n\t<\/div>\n\n\t\t\t\t\t\t\t\t\t\n\t\t\n\t<div id=\"ngg-image-146\" class=\"ngg-gallery-thumbnail-box\"  >\n\t\t<div class=\"ngg-gallery-thumbnail\" >\n\t\t\t<a href=\"https:\/\/www.palkehitised.ee\/wp-content\/gallery\/palkmaja-projektid\/6-saare-saun.jpg\"\n\t\t\t\ttitle=\" \"\n\t\t\t\t data-image-id=\"146\" data-src=\"https:\/\/www.palkehitised.ee\/wp-content\/gallery\/palkmaja-projektid\/6-saare-saun.jpg\" data-thumbnail=\"https:\/\/www.palkehitised.ee\/wp-content\/gallery\/palkmaja-projektid\/cache\/6-saare-saun.jpg-nggid03146-ngg0dyn-100x75x100-00f0w010c011r110f110r010t010.jpg\" data-title=\"6-saare-saun\" data-description=\" \" >\n\t\t\t\t\t\t\t\t<img title=\"6-saare-saun\" alt=\"6-saare-saun\" src=\"https:\/\/www.palkehitised.ee\/wp-content\/gallery\/palkmaja-projektid\/cache\/6-saare-saun.jpg-nggid03146-ngg0dyn-100x75x100-00f0w010c011r110f110r010t010.jpg\" width='100' height='75' \/>\n\t\t\t\t\t\t\t<\/a>\n\t\t<\/div>\n\t<\/div>\n\n\t\t\t\t\t\t\t\t\t\n\t\t\n\t<div id=\"ngg-image-147\" class=\"ngg-gallery-thumbnail-box\"  >\n\t\t<div class=\"ngg-gallery-thumbnail\" >\n\t\t\t<a href=\"https:\/\/www.palkehitised.ee\/wp-content\/gallery\/palkmaja-projektid\/7-kolli.jpg\"\n\t\t\t\ttitle=\" \"\n\t\t\t\t data-image-id=\"147\" data-src=\"https:\/\/www.palkehitised.ee\/wp-content\/gallery\/palkmaja-projektid\/7-kolli.jpg\" data-thumbnail=\"https:\/\/www.palkehitised.ee\/wp-content\/gallery\/palkmaja-projektid\/cache\/7-kolli.jpg-nggid03147-ngg0dyn-100x75x100-00f0w010c011r110f110r010t010.jpg\" data-title=\"7-kolli\" data-description=\" \" >\n\t\t\t\t\t\t\t\t<img title=\"7-kolli\" alt=\"7-kolli\" src=\"https:\/\/www.palkehitised.ee\/wp-content\/gallery\/palkmaja-projektid\/cache\/7-kolli.jpg-nggid03147-ngg0dyn-100x75x100-00f0w010c011r110f110r010t010.jpg\" width='100' height='75' \/>\n\t\t\t\t\t\t\t<\/a>\n\t\t<\/div>\n\t<\/div>\n\n\t\t\t\t\t\t\t\t\t\n\t\t\n\t<div id=\"ngg-image-149\" class=\"ngg-gallery-thumbnail-box\"  >\n\t\t<div class=\"ngg-gallery-thumbnail\" >\n\t\t\t<a href=\"https:\/\/www.palkehitised.ee\/wp-content\/gallery\/palkmaja-projektid\/9-paiksi.jpg\"\n\t\t\t\ttitle=\" \"\n\t\t\t\t data-image-id=\"149\" data-src=\"https:\/\/www.palkehitised.ee\/wp-content\/gallery\/palkmaja-projektid\/9-paiksi.jpg\" data-thumbnail=\"https:\/\/www.palkehitised.ee\/wp-content\/gallery\/palkmaja-projektid\/cache\/9-paiksi.jpg-nggid03149-ngg0dyn-100x75x100-00f0w010c011r110f110r010t010.jpg\" data-title=\"9-paiksi\" data-description=\" \" >\n\t\t\t\t\t\t\t\t<img title=\"9-paiksi\" alt=\"9-paiksi\" src=\"https:\/\/www.palkehitised.ee\/wp-content\/gallery\/palkmaja-projektid\/cache\/9-paiksi.jpg-nggid03149-ngg0dyn-100x75x100-00f0w010c011r110f110r010t010.jpg\" width='100' height='75' \/>\n\t\t\t\t\t\t\t<\/a>\n\t\t<\/div>\n\t<\/div>\n\n\t\t\t\t\t\t\t\t\t\n\t\t\n\t<div id=\"ngg-image-150\" class=\"ngg-gallery-thumbnail-box\"  >\n\t\t<div class=\"ngg-gallery-thumbnail\" >\n\t\t\t<a href=\"https:\/\/www.palkehitised.ee\/wp-content\/gallery\/palkmaja-projektid\/8-tommu_.jpg\"\n\t\t\t\ttitle=\" \"\n\t\t\t\t data-image-id=\"150\" data-src=\"https:\/\/www.palkehitised.ee\/wp-content\/gallery\/palkmaja-projektid\/8-tommu_.jpg\" data-thumbnail=\"https:\/\/www.palkehitised.ee\/wp-content\/gallery\/palkmaja-projektid\/cache\/8-tommu_.jpg-nggid03150-ngg0dyn-100x75x100-00f0w010c011r110f110r010t010.jpg\" data-title=\"8-tommu_\" data-description=\" \" >\n\t\t\t\t\t\t\t\t<img title=\"8-tommu_\" alt=\"8-tommu_\" src=\"https:\/\/www.palkehitised.ee\/wp-content\/gallery\/palkmaja-projektid\/cache\/8-tommu_.jpg-nggid03150-ngg0dyn-100x75x100-00f0w010c011r110f110r010t010.jpg\" width='100' height='75' \/>\n\t\t\t\t\t\t\t<\/a>\n\t\t<\/div>\n\t<\/div>\n\n\t\t\t\t\t\t\t\t\t\n\t\t\n\t<!-- Pagination -->\n\t\t<div class='ngg-clear'><\/div>\t\n<\/div>\n\n\t\n<p><a href=\"http:\/\/www.palkehitised.ee\/wp-content\/uploads\/2012\/06\/PALKMAJA-PROJEKTID.pdf\">Blockhausprojekte<\/a><\/p>\n","protected":false},"excerpt":{"rendered":"<p>Hier k\u00f6nnen Sie Projekte f\u00fcr einige von uns gebauten Blockh\u00e4user sehen. Blockhausprojekte<\/p>\n","protected":false},"author":1,"featured_media":0,"parent":0,"menu_order":0,"comment_status":"open","ping_status":"open","template":"","meta":{"ngg_post_thumbnail":0,"footnotes":""},"_links":{"self":[{"href":"https:\/\/www.palkehitised.ee\/de\/wp-json\/wp\/v2\/pages\/611"}],"collection":[{"href":"https:\/\/www.palkehitised.ee\/de\/wp-json\/wp\/v2\/pages"}],"about":[{"href":"https:\/\/www.palkehitised.ee\/de\/wp-json\/wp\/v2\/types\/page"}],"author":[{"embeddable":true,"href":"https:\/\/www.palkehitised.ee\/de\/wp-json\/wp\/v2\/users\/1"}],"replies":[{"embeddable":true,"href":"https:\/\/www.palkehitised.ee\/de\/wp-json\/wp\/v2\/comments?post=611"}],"version-history":[{"count":1,"href":"https:\/\/www.palkehitised.ee\/de\/wp-json\/wp\/v2\/pages\/611\/revisions"}],"predecessor-version":[{"id":612,"href":"https:\/\/www.palkehitised.ee\/de\/wp-json\/wp\/v2\/pages\/611\/revisions\/612"}],"wp:attachment":[{"href":"https:\/\/www.palkehitised.ee\/de\/wp-json\/wp\/v2\/media?parent=611"}],"curies":[{"name":"wp","href":"https:\/\/api.w.org\/{rel}","templated":true}]}}