{"id":602,"date":"2012-11-04T21:08:29","date_gmt":"2012-11-04T21:08:29","guid":{"rendered":"http:\/\/www.palkehitised.ee\/?page_id=602"},"modified":"2021-03-25T14:55:37","modified_gmt":"2021-03-25T14:55:37","slug":"uber-das-unternehmen","status":"publish","type":"page","link":"https:\/\/www.palkehitised.ee\/de\/uber-das-unternehmen\/","title":{"rendered":"\u00dcber das unternehmen"},"content":{"rendered":"<p><strong>Das Unternehmen wurde im Jahre 2011 gegr\u00fcndet.<\/strong><\/p>\n<p>Unsere Hauptt\u00e4tigkeitsbereich ist der Bau von Blockh\u00e4usern und allen anderen m\u00f6glichen Balkenbauten als Handwerk. Blockh\u00e4user werden aus Rund- oder Kantbalken sowie als Kombination von Rund- und Kantbalken gefertigt.<br \/>\nDa jeder Kunde f\u00fcr das von ihm gew\u00fcnschte Blockhaus seine eigene Version hat, haben wir keine Typprojekte. Alle W\u00fcnsche werden von uns individuell bearbeitet.<\/p>\n<p>Der im vollen Umfang handwerklich ausgef\u00fchrte Prozess und die W\u00fcnsche des Kunden verleihen jedem Balkenbau seine Einzigartigkeit und seinen Reiz.<\/p>\n<p>Wir haben Erfahrungen im Bau von Blockh\u00e4usern in Estland, Finnland, D\u00e4nemark, Norwegen sowie in Deutschland.<\/p>\n<p>Dienstleistungen, die wir anbieten:<\/p>\n<ul>\n<li>Projekt nach den W\u00fcnschen des Kunden<\/li>\n<li>Bau des Teils aus Balken<\/li>\n<li>Aufstellung<\/li>\n<li>Arbeiten f\u00fcr Weiterbau von Blockh\u00e4usern<\/li>\n<\/ul>\n<p>Unser erfahrenes und professionelles Team, hochwertiger trockener Rohstoff und Widmung garantieren ein erstklassiges und sch\u00f6nes Endergebnis. Unser Team hat eine \u00fcber 14-j\u00e4hrige Erfahrung auf dem Gebiet vom Bau von Blockh\u00e4usern.<\/p>\n<p>Wir tragen Ihre Gedanken weiter und formieren diese zu einem einzigartigen Balkenbau, der nach Ihren W\u00fcnschen gefertigt wird.<\/p>\n<p>Die T\u00e4tigkeit des Unternehmens wurde 01.07.2011 im <span style=\"text-decoration: underline;\"><a href=\"http:\/\/mtr.mkm.ee\/default.aspx?s=registreering&amp;id=187934&amp;back=e8841763a9d244f79b5b053338d9b0ce\" target=\"_blank\" rel=\"noopener\">Register f\u00fcr Wirtschaftst\u00e4tigkeit<\/a><\/span> (MTR) unter Baut\u00e4tigkeit &#8211; EEH005689 eingetragen.<\/p>\n","protected":false},"excerpt":{"rendered":"<p>Das Unternehmen wurde im Jahre 2011 gegr\u00fcndet. Unsere Hauptt\u00e4tigkeitsbereich ist der Bau von Blockh\u00e4usern und allen anderen m\u00f6glichen Balkenbauten als Handwerk. Blockh\u00e4user werden aus Rund- oder Kantbalken sowie als Kombination von Rund- und Kantbalken gefertigt. Da jeder Kunde f\u00fcr das &hellip; <a href=\"https:\/\/www.palkehitised.ee\/de\/uber-das-unternehmen\/\">Continue reading <span class=\"meta-nav\">&rarr;<\/span><\/a><\/p>\n","protected":false},"author":1,"featured_media":0,"parent":0,"menu_order":0,"comment_status":"open","ping_status":"open","template":"","meta":{"ngg_post_thumbnail":0,"footnotes":""},"_links":{"self":[{"href":"https:\/\/www.palkehitised.ee\/de\/wp-json\/wp\/v2\/pages\/602"}],"collection":[{"href":"https:\/\/www.palkehitised.ee\/de\/wp-json\/wp\/v2\/pages"}],"about":[{"href":"https:\/\/www.palkehitised.ee\/de\/wp-json\/wp\/v2\/types\/page"}],"author":[{"embeddable":true,"href":"https:\/\/www.palkehitised.ee\/de\/wp-json\/wp\/v2\/users\/1"}],"replies":[{"embeddable":true,"href":"https:\/\/www.palkehitised.ee\/de\/wp-json\/wp\/v2\/comments?post=602"}],"version-history":[{"count":9,"href":"https:\/\/www.palkehitised.ee\/de\/wp-json\/wp\/v2\/pages\/602\/revisions"}],"predecessor-version":[{"id":4327,"href":"https:\/\/www.palkehitised.ee\/de\/wp-json\/wp\/v2\/pages\/602\/revisions\/4327"}],"wp:attachment":[{"href":"https:\/\/www.palkehitised.ee\/de\/wp-json\/wp\/v2\/media?parent=602"}],"curies":[{"name":"wp","href":"https:\/\/api.w.org\/{rel}","templated":true}]}}